{"id":306,"date":"2022-11-22T15:58:12","date_gmt":"2022-11-22T08:58:12","guid":{"rendered":"https:\/\/chillhousephuquoc.com\/?page_id=306"},"modified":"2022-12-09T16:17:56","modified_gmt":"2022-12-09T09:17:56","slug":"about-us","status":"publish","type":"page","link":"https:\/\/chillhousephuquoc.com\/?page_id=306&lang=en","title":{"rendered":"About Chill House"},"content":{"rendered":"\n<h1 class=\"wp-block-heading\">CHILL HOUSE by the beach<\/h1>\n\n\n\n<p>Chill House By The Beach l\u00e0 d\u00e3y homestay n\u1eb1m s\u00e1t bi\u1ec3n, thu\u1ed9c X\u00f3m Ch\u00e0i Tr\u1ea7n Ph\u00fa, ngay trung t\u00e2m D\u01b0\u01a1ng \u0110\u00f4ng c\u1ee7a \u0110\u1ea3o ng\u1ecdc Ph\u00fa Qu\u1ed1c.<br><br>Chill House By The Beach bao g\u1ed3m c\u00e1c h\u1ea1ng ph\u00f2ng v\u00e0 c\u0103n h\u1ed9 ph\u00f9 h\u1ee3p v\u1edbi c\u1eb7p \u0111\u00f4i, nh\u00f3m b\u1ea1n v\u00e0 gia \u0111\u00ecnh. M\u1ed9t s\u1ed1 ph\u00f2ng \u0111\u01b0\u1ee3c trang b\u1ecb b\u1ebfp ri\u00eang \u0111\u1ec3 b\u1ea1n c\u00f3 th\u1ec3 tho\u1ea3i m\u00e1i n\u1ea5u n\u01b0\u1edbng hay l\u00e0m ti\u1ec7c BBQ. \u0110i\u1ec1u \u0111\u1eb7c bi\u1ec7t h\u01a1n l\u00e0 t\u1eeb c\u00e1c c\u0103n ph\u00f2ng view bi\u1ec3n, b\u1ea1n c\u00f3 th\u1ec3 t\u1eadn h\u01b0\u1edfng \u0111\u1eb7c s\u1ea3n Ph\u00fa Qu\u1ed1c: Ho\u00e0ng h\u00f4n bi\u1ec3n m\u1ec7nh danh \u0111\u1eb9p nh\u1ea5t Vi\u1ec7t Nam.<br><br>Chill House hy v\u1ecdng c\u00f3 th\u1ec3 tr\u1edf th\u00e0nh m\u1ed9t ph\u1ea7n nh\u1ecf b\u00e9 t\u1ea1o n\u00ean k\u1ef3 ngh\u1ec9 Ph\u00fa Qu\u1ed1c tr\u00e0n ng\u1eadp k\u1ef7 ni\u1ec7m \u0111\u1eb9p. N\u1ebfu y\u00eau th\u00edch bi\u1ec3n c\u1ea3, th\u00edch n\u1eb1m nghe ti\u1ebfng s\u00f3ng v\u1ed7 nh\u01b0 \u0111ang l\u00eanh \u0111\u00eanh tr\u00ean bi\u1ec3n, v\u00e0 \u01b0a tr\u1ea3i nghi\u1ec7m cu\u1ed9c s\u1ed1ng c\u1ee7a ng\u01b0\u1eddi d\u00e2n \u0111\u1ecba ph\u01b0\u01a1ng, Chill House By The Beach &#8211; Ph\u00fa Qu\u1ed1c ch\u00ednh l\u00e0 s\u1ef1 l\u1ef1a ch\u1ecdn ho\u1ea3n h\u1ea3o d\u00e0nh cho b\u1ea1n!<\/p>\n","protected":false},"excerpt":{"rendered":"<p>CHILL HOUSE by the beach Chill House By The Beach l\u00e0 d\u00e3y homestay n\u1eb1m s\u00e1t bi\u1ec3n, thu\u1ed9c X\u00f3m Ch\u00e0i Tr\u1ea7n Ph\u00fa, ngay trung t\u00e2m D\u01b0\u01a1ng \u0110\u00f4ng c\u1ee7a \u0110\u1ea3o ng\u1ecdc Ph\u00fa Qu\u1ed1c. Chill House By The Beach bao g\u1ed3m c\u00e1c h\u1ea1ng ph\u00f2ng v\u00e0 c\u0103n h\u1ed9 ph\u00f9 h\u1ee3p v\u1edbi c\u1eb7p \u0111\u00f4i, nh\u00f3m b\u1ea1n v\u00e0 gia \u0111\u00ecnh. M\u1ed9t [&hellip;]<\/p>\n","protected":false},"author":1,"featured_media":0,"parent":0,"menu_order":0,"comment_status":"closed","ping_status":"closed","template":"","meta":{"footnotes":""},"class_list":["post-306","page","type-page","status-publish","hentry"],"yoast_head":"<!-- This site is optimized with the Yoast SEO plugin v22.3 - https:\/\/yoast.com\/wordpress\/plugins\/seo\/ -->\n<title>About Chill House - CHILL HOUSE BY THE BEACH<\/title>\n<meta name=\"robots\" content=\"index, follow, max-snippet:-1, max-image-preview:large, max-video-preview:-1\" \/>\n<link rel=\"canonical\" href=\"https:\/\/chillhousephuquoc.com\/?page_id=306&lang=en\" \/>\n<meta property=\"og:locale\" content=\"vi_VN\" \/>\n<meta property=\"og:type\" content=\"article\" \/>\n<meta property=\"og:title\" content=\"About Chill House - CHILL HOUSE BY THE BEACH\" \/>\n<meta property=\"og:description\" content=\"CHILL HOUSE by the beach Chill House By The Beach l\u00e0 d\u00e3y homestay n\u1eb1m s\u00e1t bi\u1ec3n, thu\u1ed9c X\u00f3m Ch\u00e0i Tr\u1ea7n Ph\u00fa, ngay trung t\u00e2m D\u01b0\u01a1ng \u0110\u00f4ng c\u1ee7a \u0110\u1ea3o ng\u1ecdc Ph\u00fa Qu\u1ed1c. Chill House By The Beach bao g\u1ed3m c\u00e1c h\u1ea1ng ph\u00f2ng v\u00e0 c\u0103n h\u1ed9 ph\u00f9 h\u1ee3p v\u1edbi c\u1eb7p \u0111\u00f4i, nh\u00f3m b\u1ea1n v\u00e0 gia \u0111\u00ecnh. M\u1ed9t [&hellip;]\" \/>\n<meta property=\"og:url\" content=\"https:\/\/chillhousephuquoc.com\/?page_id=306&amp;lang=en\" \/>\n<meta property=\"og:site_name\" content=\"CHILL HOUSE BY THE BEACH\" \/>\n<meta property=\"article:publisher\" content=\"https:\/\/www.facebook.com\/chillhousebythebeachh\" \/>\n<meta property=\"article:modified_time\" content=\"2022-12-09T09:17:56+00:00\" \/>\n<meta name=\"twitter:card\" content=\"summary_large_image\" \/>\n<meta name=\"twitter:label1\" content=\"\u01af\u1edbc t\u00ednh th\u1eddi gian \u0111\u1ecdc\" \/>\n\t<meta name=\"twitter:data1\" content=\"1 ph\u00fat\" \/>\n<script type=\"application\/ld+json\" class=\"yoast-schema-graph\">{\"@context\":\"https:\/\/schema.org\",\"@graph\":[{\"@type\":\"WebPage\",\"@id\":\"https:\/\/chillhousephuquoc.com\/?page_id=306&lang=en\",\"url\":\"https:\/\/chillhousephuquoc.com\/?page_id=306&lang=en\",\"name\":\"About Chill House - CHILL HOUSE BY THE BEACH\",\"isPartOf\":{\"@id\":\"https:\/\/chillhousephuquoc.com\/#website\"},\"datePublished\":\"2022-11-22T08:58:12+00:00\",\"dateModified\":\"2022-12-09T09:17:56+00:00\",\"breadcrumb\":{\"@id\":\"https:\/\/chillhousephuquoc.com\/?page_id=306&lang=en#breadcrumb\"},\"inLanguage\":\"vi\",\"potentialAction\":[{\"@type\":\"ReadAction\",\"target\":[\"https:\/\/chillhousephuquoc.com\/?page_id=306&lang=en\"]}]},{\"@type\":\"BreadcrumbList\",\"@id\":\"https:\/\/chillhousephuquoc.com\/?page_id=306&lang=en#breadcrumb\",\"itemListElement\":[{\"@type\":\"ListItem\",\"position\":1,\"name\":\"Trang ch\u1ee7\",\"item\":\"https:\/\/chillhousephuquoc.com\/\"},{\"@type\":\"ListItem\",\"position\":2,\"name\":\"About Chill House\"}]},{\"@type\":\"WebSite\",\"@id\":\"https:\/\/chillhousephuquoc.com\/#website\",\"url\":\"https:\/\/chillhousephuquoc.com\/\",\"name\":\"CHILL HOUSE BY THE BEACH\",\"description\":\"\",\"publisher\":{\"@id\":\"https:\/\/chillhousephuquoc.com\/#organization\"},\"potentialAction\":[{\"@type\":\"SearchAction\",\"target\":{\"@type\":\"EntryPoint\",\"urlTemplate\":\"https:\/\/chillhousephuquoc.com\/?s={search_term_string}\"},\"query-input\":\"required name=search_term_string\"}],\"inLanguage\":\"vi\"},{\"@type\":\"Organization\",\"@id\":\"https:\/\/chillhousephuquoc.com\/#organization\",\"name\":\"CHILL HOUSE BY THE BEACH\",\"url\":\"https:\/\/chillhousephuquoc.com\/\",\"logo\":{\"@type\":\"ImageObject\",\"inLanguage\":\"vi\",\"@id\":\"https:\/\/chillhousephuquoc.com\/#\/schema\/logo\/image\/\",\"url\":\"https:\/\/chillhousephuquoc.com\/wp-content\/uploads\/2024\/04\/logo-nen-nhat.jpg\",\"contentUrl\":\"https:\/\/chillhousephuquoc.com\/wp-content\/uploads\/2024\/04\/logo-nen-nhat.jpg\",\"width\":2000,\"height\":2000,\"caption\":\"CHILL HOUSE BY THE BEACH\"},\"image\":{\"@id\":\"https:\/\/chillhousephuquoc.com\/#\/schema\/logo\/image\/\"},\"sameAs\":[\"https:\/\/www.facebook.com\/chillhousebythebeachh\"]}]}<\/script>\n<!-- \/ Yoast SEO plugin. -->","yoast_head_json":{"title":"About Chill House - CHILL HOUSE BY THE BEACH","robots":{"index":"index","follow":"follow","max-snippet":"max-snippet:-1","max-image-preview":"max-image-preview:large","max-video-preview":"max-video-preview:-1"},"canonical":"https:\/\/chillhousephuquoc.com\/?page_id=306&lang=en","og_locale":"vi_VN","og_type":"article","og_title":"About Chill House - CHILL HOUSE BY THE BEACH","og_description":"CHILL HOUSE by the beach Chill House By The Beach l\u00e0 d\u00e3y homestay n\u1eb1m s\u00e1t bi\u1ec3n, thu\u1ed9c X\u00f3m Ch\u00e0i Tr\u1ea7n Ph\u00fa, ngay trung t\u00e2m D\u01b0\u01a1ng \u0110\u00f4ng c\u1ee7a \u0110\u1ea3o ng\u1ecdc Ph\u00fa Qu\u1ed1c. Chill House By The Beach bao g\u1ed3m c\u00e1c h\u1ea1ng ph\u00f2ng v\u00e0 c\u0103n h\u1ed9 ph\u00f9 h\u1ee3p v\u1edbi c\u1eb7p \u0111\u00f4i, nh\u00f3m b\u1ea1n v\u00e0 gia \u0111\u00ecnh. M\u1ed9t [&hellip;]","og_url":"https:\/\/chillhousephuquoc.com\/?page_id=306&lang=en","og_site_name":"CHILL HOUSE BY THE BEACH","article_publisher":"https:\/\/www.facebook.com\/chillhousebythebeachh","article_modified_time":"2022-12-09T09:17:56+00:00","twitter_card":"summary_large_image","twitter_misc":{"\u01af\u1edbc t\u00ednh th\u1eddi gian \u0111\u1ecdc":"1 ph\u00fat"},"schema":{"@context":"https:\/\/schema.org","@graph":[{"@type":"WebPage","@id":"https:\/\/chillhousephuquoc.com\/?page_id=306&lang=en","url":"https:\/\/chillhousephuquoc.com\/?page_id=306&lang=en","name":"About Chill House - CHILL HOUSE BY THE BEACH","isPartOf":{"@id":"https:\/\/chillhousephuquoc.com\/#website"},"datePublished":"2022-11-22T08:58:12+00:00","dateModified":"2022-12-09T09:17:56+00:00","breadcrumb":{"@id":"https:\/\/chillhousephuquoc.com\/?page_id=306&lang=en#breadcrumb"},"inLanguage":"vi","potentialAction":[{"@type":"ReadAction","target":["https:\/\/chillhousephuquoc.com\/?page_id=306&lang=en"]}]},{"@type":"BreadcrumbList","@id":"https:\/\/chillhousephuquoc.com\/?page_id=306&lang=en#breadcrumb","itemListElement":[{"@type":"ListItem","position":1,"name":"Trang ch\u1ee7","item":"https:\/\/chillhousephuquoc.com\/"},{"@type":"ListItem","position":2,"name":"About Chill House"}]},{"@type":"WebSite","@id":"https:\/\/chillhousephuquoc.com\/#website","url":"https:\/\/chillhousephuquoc.com\/","name":"CHILL HOUSE BY THE BEACH","description":"","publisher":{"@id":"https:\/\/chillhousephuquoc.com\/#organization"},"potentialAction":[{"@type":"SearchAction","target":{"@type":"EntryPoint","urlTemplate":"https:\/\/chillhousephuquoc.com\/?s={search_term_string}"},"query-input":"required name=search_term_string"}],"inLanguage":"vi"},{"@type":"Organization","@id":"https:\/\/chillhousephuquoc.com\/#organization","name":"CHILL HOUSE BY THE BEACH","url":"https:\/\/chillhousephuquoc.com\/","logo":{"@type":"ImageObject","inLanguage":"vi","@id":"https:\/\/chillhousephuquoc.com\/#\/schema\/logo\/image\/","url":"https:\/\/chillhousephuquoc.com\/wp-content\/uploads\/2024\/04\/logo-nen-nhat.jpg","contentUrl":"https:\/\/chillhousephuquoc.com\/wp-content\/uploads\/2024\/04\/logo-nen-nhat.jpg","width":2000,"height":2000,"caption":"CHILL HOUSE BY THE BEACH"},"image":{"@id":"https:\/\/chillhousephuquoc.com\/#\/schema\/logo\/image\/"},"sameAs":["https:\/\/www.facebook.com\/chillhousebythebeachh"]}]}},"_links":{"self":[{"href":"https:\/\/chillhousephuquoc.com\/index.php?rest_route=\/wp\/v2\/pages\/306","targetHints":{"allow":["GET"]}}],"collection":[{"href":"https:\/\/chillhousephuquoc.com\/index.php?rest_route=\/wp\/v2\/pages"}],"about":[{"href":"https:\/\/chillhousephuquoc.com\/index.php?rest_route=\/wp\/v2\/types\/page"}],"author":[{"embeddable":true,"href":"https:\/\/chillhousephuquoc.com\/index.php?rest_route=\/wp\/v2\/users\/1"}],"replies":[{"embeddable":true,"href":"https:\/\/chillhousephuquoc.com\/index.php?rest_route=%2Fwp%2Fv2%2Fcomments&post=306"}],"version-history":[{"count":3,"href":"https:\/\/chillhousephuquoc.com\/index.php?rest_route=\/wp\/v2\/pages\/306\/revisions"}],"predecessor-version":[{"id":377,"href":"https:\/\/chillhousephuquoc.com\/index.php?rest_route=\/wp\/v2\/pages\/306\/revisions\/377"}],"wp:attachment":[{"href":"https:\/\/chillhousephuquoc.com\/index.php?rest_route=%2Fwp%2Fv2%2Fmedia&parent=306"}],"curies":[{"name":"wp","href":"https:\/\/api.w.org\/{rel}","templated":true}]}}