{"id":152,"date":"2022-06-02T01:46:34","date_gmt":"2022-06-01T18:46:34","guid":{"rendered":"http:\/\/localhost\/bookings\/?post_type=product&#038;p=152"},"modified":"2026-01-09T08:38:25","modified_gmt":"2026-01-09T01:38:25","slug":"chill-12-15-phong-doi-ko-view","status":"publish","type":"product","link":"https:\/\/chillhousephuquoc.com\/?product=chill-12-15-phong-doi-ko-view","title":{"rendered":"CHILL 12\/15 &#8211; PH\u00d2NG \u0110\u00d4I (KO VIEW)"},"content":{"rendered":"<p>&#8211; T\u1ed4NG QUAN: <strong>: <\/strong><u>Ph\u00f2ng \u0111\u00f4i (kh\u00f4ng view)<\/u> n\u1eb1m trong nh\u00e0 bi\u1ec3n <u>CHILL HOUSE 1<\/u>. D\u00f9 kh\u00f4ng c\u00f3 view bi\u1ec3n t\u1eeb trong ph\u00f2ng nh\u01b0 c\u00e1c h\u1ea1ng ph\u00f2ng view bi\u1ec3n, tuy nhi\u00ean, \u0111\u00e2y l\u00e0 s\u1ef1 l\u1ef1a ch\u1ecdn ph\u00f9 h\u1ee3p cho chuy\u1ebfn du l\u1ecbch ti\u1ebft ki\u1ec7m. V\u00ec nh\u00e0 s\u00e1t bi\u1ec3n n\u00ean \u1edf ph\u00f2ng th\u01b0\u1eddng v\u1eabn v\u00e0i b\u01b0\u1edbc \u0111i ra bi\u1ec3n, t\u1eadn h\u01b0\u1edfng ti\u1ebfng s\u00f3ng bi\u1ec3n, gi\u00f3 bi\u1ec3n m\u1ed7i ng\u00e0y.<\/p>\n<p>&#8211; KH\u00c1CH: 2 kh\u00e1ch<\/p>\n<p>&#8211; DI\u1ec6N T\u00cdCH: 16m2<\/p>\n<p>&#8211; GI\u01af\u1edcNG: M8*2M (2 KH\u00c1CH)<\/p>\n<p>&#8211; TOILET RI\u00caNG<\/p>\n<p>&#8211; \u0110\u1eb6C \u0110I\u1ec2M: CHILL HOUSE 1, KH\u00d4NG VIEW BI\u1ec2N NH\u01afNG V\u1eaaN THU\u1ed8C NH\u00c0 S\u00c1T BI\u1ec2N, TI\u1ebeT KI\u1ec6M<\/p>\n<p>&#8211; S\u1ed0 PH\u00d2NG: 12,15 (S\u01a0 \u0110\u1ed2)<\/p>\n<p>&nbsp;<\/p>\n<p class=\"p1\"><b>GI\u00c1 PH\u1ee4 THU (th\u00eam kh\u00e1ch)<\/b><\/p>\n<p class=\"p1\">(1) TR\u1eba EM (&lt;6 tu\u1ed5i) s\u1eed d\u1ee5ng chung gi\u01b0\u1eddng v\u1edbi ba m\u1eb9: Mi\u1ec5n ph\u00ed (t\u1ed1i \u0111a 1 tr\u1ebb\/ph\u00f2ng, 2 tr\u1ebb ph\u1ee5 thu 50.000\/\u0111\u00eam).<\/p>\n<p class=\"p1\">(2) TR\u1eba EM (6-11 tu\u1ed5i) ph\u1ee5 thu 50.000\/\u0111\u00eam.<\/p>\n<p class=\"p1\">(3) Ng\u01b0\u1eddi l\u1edbn (&gt;12 tu\u1ed5i): 100.000\/\u0111\u00eam<\/p>\n<p class=\"p1\"><b>L\u01afU \u00dd<\/b><\/p>\n<p class=\"p1\">_ Ng\u00e0y l\u1ec5 t\u1ebft gi\u00e1 ph\u00f2ng ph\u1ee5 thu 20%<br \/>\n_ Do \u1ea3nh h\u01b0\u1edfng m\u00f9a m\u01b0a b\u00e3o hi\u1ec7n t\u1ea1i b\u00e3i bi\u1ec3n Chill House (t\u1ea1m th\u1eddi) kh\u00f4ng c\u00f3 b\u00e3i c\u00e1t. M\u1ef1c n\u01b0\u1edbc bi\u1ec3n kho\u1ea3ng 40-90cm khi b\u01b0\u1edbc xu\u1ed1ng<\/p>\n","protected":false},"excerpt":{"rendered":"<p>&#8211; T\u1ed4NG QUAN: : Ph\u00f2ng \u0111\u00f4i (kh\u00f4ng view) n\u1eb1m trong nh\u00e0 bi\u1ec3n CHILL HOUSE 1. D\u00f9 kh\u00f4ng c\u00f3 view bi\u1ec3n t\u1eeb trong ph\u00f2ng nh\u01b0 c\u00e1c h\u1ea1ng ph\u00f2ng view bi\u1ec3n, tuy nhi\u00ean, \u0111\u00e2y l\u00e0 s\u1ef1 l\u1ef1a ch\u1ecdn ph\u00f9 h\u1ee3p cho chuy\u1ebfn du l\u1ecbch ti\u1ebft ki\u1ec7m. V\u00ec nh\u00e0 s\u00e1t bi\u1ec3n n\u00ean \u1edf ph\u00f2ng th\u01b0\u1eddng v\u1eabn v\u00e0i b\u01b0\u1edbc [&hellip;]<\/p>\n","protected":false},"featured_media":519,"comment_status":"open","ping_status":"closed","template":"","meta":[],"product_cat":[45],"product_tag":[],"class_list":{"0":"post-152","1":"product","2":"type-product","3":"status-publish","4":"has-post-thumbnail","6":"product_cat-rooms","8":"first","9":"instock","10":"sale","11":"shipping-taxable","12":"purchasable","13":"product-type-simple"},"yoast_head":"<!-- This site is optimized with the Yoast SEO plugin v22.3 - https:\/\/yoast.com\/wordpress\/plugins\/seo\/ -->\n<title>CHILL 12\/15 - PH\u00d2NG \u0110\u00d4I (KO VIEW) - CHILL HOUSE BY THE BEACH<\/title>\n<meta name=\"robots\" content=\"index, follow, max-snippet:-1, max-image-preview:large, max-video-preview:-1\" \/>\n<link rel=\"canonical\" href=\"https:\/\/chillhousephuquoc.com\/?product=chill-12-15-phong-doi-ko-view\" \/>\n<meta property=\"og:locale\" content=\"vi_VN\" \/>\n<meta property=\"og:type\" content=\"article\" \/>\n<meta property=\"og:title\" content=\"CHILL 12\/15 - PH\u00d2NG \u0110\u00d4I (KO VIEW) - CHILL HOUSE BY THE BEACH\" \/>\n<meta property=\"og:description\" content=\"&#8211; T\u1ed4NG QUAN: : Ph\u00f2ng \u0111\u00f4i (kh\u00f4ng view) n\u1eb1m trong nh\u00e0 bi\u1ec3n CHILL HOUSE 1. D\u00f9 kh\u00f4ng c\u00f3 view bi\u1ec3n t\u1eeb trong ph\u00f2ng nh\u01b0 c\u00e1c h\u1ea1ng ph\u00f2ng view bi\u1ec3n, tuy nhi\u00ean, \u0111\u00e2y l\u00e0 s\u1ef1 l\u1ef1a ch\u1ecdn ph\u00f9 h\u1ee3p cho chuy\u1ebfn du l\u1ecbch ti\u1ebft ki\u1ec7m. V\u00ec nh\u00e0 s\u00e1t bi\u1ec3n n\u00ean \u1edf ph\u00f2ng th\u01b0\u1eddng v\u1eabn v\u00e0i b\u01b0\u1edbc [&hellip;]\" \/>\n<meta property=\"og:url\" content=\"https:\/\/chillhousephuquoc.com\/?product=chill-12-15-phong-doi-ko-view\" \/>\n<meta property=\"og:site_name\" content=\"CHILL HOUSE BY THE BEACH\" \/>\n<meta property=\"article:publisher\" content=\"https:\/\/www.facebook.com\/chillhousebythebeachh\" \/>\n<meta property=\"article:modified_time\" content=\"2026-01-09T01:38:25+00:00\" \/>\n<meta property=\"og:image\" content=\"https:\/\/chillhousephuquoc.com\/wp-content\/uploads\/2022\/06\/CHILL-12_15-0-scaled.jpeg\" \/>\n\t<meta property=\"og:image:width\" content=\"1920\" \/>\n\t<meta property=\"og:image:height\" content=\"2560\" \/>\n\t<meta property=\"og:image:type\" content=\"image\/jpeg\" \/>\n<meta name=\"twitter:card\" content=\"summary_large_image\" \/>\n<meta name=\"twitter:label1\" content=\"\u01af\u1edbc t\u00ednh th\u1eddi gian \u0111\u1ecdc\" \/>\n\t<meta name=\"twitter:data1\" content=\"2 ph\u00fat\" \/>\n<script type=\"application\/ld+json\" class=\"yoast-schema-graph\">{\"@context\":\"https:\/\/schema.org\",\"@graph\":[{\"@type\":\"WebPage\",\"@id\":\"https:\/\/chillhousephuquoc.com\/?product=chill-12-15-phong-doi-ko-view\",\"url\":\"https:\/\/chillhousephuquoc.com\/?product=chill-12-15-phong-doi-ko-view\",\"name\":\"CHILL 12\/15 - PH\u00d2NG \u0110\u00d4I (KO VIEW) - CHILL HOUSE BY THE BEACH\",\"isPartOf\":{\"@id\":\"https:\/\/chillhousephuquoc.com\/#website\"},\"primaryImageOfPage\":{\"@id\":\"https:\/\/chillhousephuquoc.com\/?product=chill-12-15-phong-doi-ko-view#primaryimage\"},\"image\":{\"@id\":\"https:\/\/chillhousephuquoc.com\/?product=chill-12-15-phong-doi-ko-view#primaryimage\"},\"thumbnailUrl\":\"https:\/\/chillhousephuquoc.com\/wp-content\/uploads\/2022\/06\/CHILL-12_15-0-scaled.jpeg\",\"datePublished\":\"2022-06-01T18:46:34+00:00\",\"dateModified\":\"2026-01-09T01:38:25+00:00\",\"breadcrumb\":{\"@id\":\"https:\/\/chillhousephuquoc.com\/?product=chill-12-15-phong-doi-ko-view#breadcrumb\"},\"inLanguage\":\"vi\",\"potentialAction\":[{\"@type\":\"ReadAction\",\"target\":[\"https:\/\/chillhousephuquoc.com\/?product=chill-12-15-phong-doi-ko-view\"]}]},{\"@type\":\"ImageObject\",\"inLanguage\":\"vi\",\"@id\":\"https:\/\/chillhousephuquoc.com\/?product=chill-12-15-phong-doi-ko-view#primaryimage\",\"url\":\"https:\/\/chillhousephuquoc.com\/wp-content\/uploads\/2022\/06\/CHILL-12_15-0-scaled.jpeg\",\"contentUrl\":\"https:\/\/chillhousephuquoc.com\/wp-content\/uploads\/2022\/06\/CHILL-12_15-0-scaled.jpeg\",\"width\":1920,\"height\":2560},{\"@type\":\"BreadcrumbList\",\"@id\":\"https:\/\/chillhousephuquoc.com\/?product=chill-12-15-phong-doi-ko-view#breadcrumb\",\"itemListElement\":[{\"@type\":\"ListItem\",\"position\":1,\"name\":\"Trang ch\u1ee7\",\"item\":\"https:\/\/chillhousephuquoc.com\/\"},{\"@type\":\"ListItem\",\"position\":2,\"name\":\"CHILL 12\/15 &#8211; PH\u00d2NG \u0110\u00d4I (KO VIEW)\"}]},{\"@type\":\"WebSite\",\"@id\":\"https:\/\/chillhousephuquoc.com\/#website\",\"url\":\"https:\/\/chillhousephuquoc.com\/\",\"name\":\"CHILL HOUSE BY THE BEACH\",\"description\":\"\",\"publisher\":{\"@id\":\"https:\/\/chillhousephuquoc.com\/#organization\"},\"potentialAction\":[{\"@type\":\"SearchAction\",\"target\":{\"@type\":\"EntryPoint\",\"urlTemplate\":\"https:\/\/chillhousephuquoc.com\/?s={search_term_string}\"},\"query-input\":\"required name=search_term_string\"}],\"inLanguage\":\"vi\"},{\"@type\":\"Organization\",\"@id\":\"https:\/\/chillhousephuquoc.com\/#organization\",\"name\":\"CHILL HOUSE BY THE BEACH\",\"url\":\"https:\/\/chillhousephuquoc.com\/\",\"logo\":{\"@type\":\"ImageObject\",\"inLanguage\":\"vi\",\"@id\":\"https:\/\/chillhousephuquoc.com\/#\/schema\/logo\/image\/\",\"url\":\"https:\/\/chillhousephuquoc.com\/wp-content\/uploads\/2024\/04\/logo-nen-nhat.jpg\",\"contentUrl\":\"https:\/\/chillhousephuquoc.com\/wp-content\/uploads\/2024\/04\/logo-nen-nhat.jpg\",\"width\":2000,\"height\":2000,\"caption\":\"CHILL HOUSE BY THE BEACH\"},\"image\":{\"@id\":\"https:\/\/chillhousephuquoc.com\/#\/schema\/logo\/image\/\"},\"sameAs\":[\"https:\/\/www.facebook.com\/chillhousebythebeachh\"]}]}<\/script>\n<!-- \/ Yoast SEO plugin. -->","yoast_head_json":{"title":"CHILL 12\/15 - PH\u00d2NG \u0110\u00d4I (KO VIEW) - CHILL HOUSE BY THE BEACH","robots":{"index":"index","follow":"follow","max-snippet":"max-snippet:-1","max-image-preview":"max-image-preview:large","max-video-preview":"max-video-preview:-1"},"canonical":"https:\/\/chillhousephuquoc.com\/?product=chill-12-15-phong-doi-ko-view","og_locale":"vi_VN","og_type":"article","og_title":"CHILL 12\/15 - PH\u00d2NG \u0110\u00d4I (KO VIEW) - CHILL HOUSE BY THE BEACH","og_description":"&#8211; T\u1ed4NG QUAN: : Ph\u00f2ng \u0111\u00f4i (kh\u00f4ng view) n\u1eb1m trong nh\u00e0 bi\u1ec3n CHILL HOUSE 1. D\u00f9 kh\u00f4ng c\u00f3 view bi\u1ec3n t\u1eeb trong ph\u00f2ng nh\u01b0 c\u00e1c h\u1ea1ng ph\u00f2ng view bi\u1ec3n, tuy nhi\u00ean, \u0111\u00e2y l\u00e0 s\u1ef1 l\u1ef1a ch\u1ecdn ph\u00f9 h\u1ee3p cho chuy\u1ebfn du l\u1ecbch ti\u1ebft ki\u1ec7m. V\u00ec nh\u00e0 s\u00e1t bi\u1ec3n n\u00ean \u1edf ph\u00f2ng th\u01b0\u1eddng v\u1eabn v\u00e0i b\u01b0\u1edbc [&hellip;]","og_url":"https:\/\/chillhousephuquoc.com\/?product=chill-12-15-phong-doi-ko-view","og_site_name":"CHILL HOUSE BY THE BEACH","article_publisher":"https:\/\/www.facebook.com\/chillhousebythebeachh","article_modified_time":"2026-01-09T01:38:25+00:00","og_image":[{"width":1920,"height":2560,"url":"https:\/\/chillhousephuquoc.com\/wp-content\/uploads\/2022\/06\/CHILL-12_15-0-scaled.jpeg","type":"image\/jpeg"}],"twitter_card":"summary_large_image","twitter_misc":{"\u01af\u1edbc t\u00ednh th\u1eddi gian \u0111\u1ecdc":"2 ph\u00fat"},"schema":{"@context":"https:\/\/schema.org","@graph":[{"@type":"WebPage","@id":"https:\/\/chillhousephuquoc.com\/?product=chill-12-15-phong-doi-ko-view","url":"https:\/\/chillhousephuquoc.com\/?product=chill-12-15-phong-doi-ko-view","name":"CHILL 12\/15 - PH\u00d2NG \u0110\u00d4I (KO VIEW) - CHILL HOUSE BY THE BEACH","isPartOf":{"@id":"https:\/\/chillhousephuquoc.com\/#website"},"primaryImageOfPage":{"@id":"https:\/\/chillhousephuquoc.com\/?product=chill-12-15-phong-doi-ko-view#primaryimage"},"image":{"@id":"https:\/\/chillhousephuquoc.com\/?product=chill-12-15-phong-doi-ko-view#primaryimage"},"thumbnailUrl":"https:\/\/chillhousephuquoc.com\/wp-content\/uploads\/2022\/06\/CHILL-12_15-0-scaled.jpeg","datePublished":"2022-06-01T18:46:34+00:00","dateModified":"2026-01-09T01:38:25+00:00","breadcrumb":{"@id":"https:\/\/chillhousephuquoc.com\/?product=chill-12-15-phong-doi-ko-view#breadcrumb"},"inLanguage":"vi","potentialAction":[{"@type":"ReadAction","target":["https:\/\/chillhousephuquoc.com\/?product=chill-12-15-phong-doi-ko-view"]}]},{"@type":"ImageObject","inLanguage":"vi","@id":"https:\/\/chillhousephuquoc.com\/?product=chill-12-15-phong-doi-ko-view#primaryimage","url":"https:\/\/chillhousephuquoc.com\/wp-content\/uploads\/2022\/06\/CHILL-12_15-0-scaled.jpeg","contentUrl":"https:\/\/chillhousephuquoc.com\/wp-content\/uploads\/2022\/06\/CHILL-12_15-0-scaled.jpeg","width":1920,"height":2560},{"@type":"BreadcrumbList","@id":"https:\/\/chillhousephuquoc.com\/?product=chill-12-15-phong-doi-ko-view#breadcrumb","itemListElement":[{"@type":"ListItem","position":1,"name":"Trang ch\u1ee7","item":"https:\/\/chillhousephuquoc.com\/"},{"@type":"ListItem","position":2,"name":"CHILL 12\/15 &#8211; PH\u00d2NG \u0110\u00d4I (KO VIEW)"}]},{"@type":"WebSite","@id":"https:\/\/chillhousephuquoc.com\/#website","url":"https:\/\/chillhousephuquoc.com\/","name":"CHILL HOUSE BY THE BEACH","description":"","publisher":{"@id":"https:\/\/chillhousephuquoc.com\/#organization"},"potentialAction":[{"@type":"SearchAction","target":{"@type":"EntryPoint","urlTemplate":"https:\/\/chillhousephuquoc.com\/?s={search_term_string}"},"query-input":"required name=search_term_string"}],"inLanguage":"vi"},{"@type":"Organization","@id":"https:\/\/chillhousephuquoc.com\/#organization","name":"CHILL HOUSE BY THE BEACH","url":"https:\/\/chillhousephuquoc.com\/","logo":{"@type":"ImageObject","inLanguage":"vi","@id":"https:\/\/chillhousephuquoc.com\/#\/schema\/logo\/image\/","url":"https:\/\/chillhousephuquoc.com\/wp-content\/uploads\/2024\/04\/logo-nen-nhat.jpg","contentUrl":"https:\/\/chillhousephuquoc.com\/wp-content\/uploads\/2024\/04\/logo-nen-nhat.jpg","width":2000,"height":2000,"caption":"CHILL HOUSE BY THE BEACH"},"image":{"@id":"https:\/\/chillhousephuquoc.com\/#\/schema\/logo\/image\/"},"sameAs":["https:\/\/www.facebook.com\/chillhousebythebeachh"]}]}},"_links":{"self":[{"href":"https:\/\/chillhousephuquoc.com\/index.php?rest_route=\/wp\/v2\/product\/152","targetHints":{"allow":["GET"]}}],"collection":[{"href":"https:\/\/chillhousephuquoc.com\/index.php?rest_route=\/wp\/v2\/product"}],"about":[{"href":"https:\/\/chillhousephuquoc.com\/index.php?rest_route=\/wp\/v2\/types\/product"}],"replies":[{"embeddable":true,"href":"https:\/\/chillhousephuquoc.com\/index.php?rest_route=%2Fwp%2Fv2%2Fcomments&post=152"}],"wp:featuredmedia":[{"embeddable":true,"href":"https:\/\/chillhousephuquoc.com\/index.php?rest_route=\/wp\/v2\/media\/519"}],"wp:attachment":[{"href":"https:\/\/chillhousephuquoc.com\/index.php?rest_route=%2Fwp%2Fv2%2Fmedia&parent=152"}],"wp:term":[{"taxonomy":"product_cat","embeddable":true,"href":"https:\/\/chillhousephuquoc.com\/index.php?rest_route=%2Fwp%2Fv2%2Fproduct_cat&post=152"},{"taxonomy":"product_tag","embeddable":true,"href":"https:\/\/chillhousephuquoc.com\/index.php?rest_route=%2Fwp%2Fv2%2Fproduct_tag&post=152"}],"curies":[{"name":"wp","href":"https:\/\/api.w.org\/{rel}","templated":true}]}}