{"id":172,"date":"2022-06-02T02:35:52","date_gmt":"2022-06-01T19:35:52","guid":{"rendered":"http:\/\/localhost\/bookings\/?post_type=product&#038;p=172"},"modified":"2026-01-09T08:40:30","modified_gmt":"2026-01-09T01:40:30","slug":"chill-3-bien-vuon-bep","status":"publish","type":"product","link":"https:\/\/chillhousephuquoc.com\/?product=chill-3-bien-vuon-bep","title":{"rendered":"CHILL 3 &#8211; C\u0102N H\u1ed8 BI\u1ec2N V\u01af\u1edcN (B\u1ebeP RI\u00caNG)"},"content":{"rendered":"<p>&#8211; T\u1ed4NG QUAN: Chill 3 l\u00e0 d\u1ea1ng c\u0103n h\u1ed9 bi\u1ec3n t\u1ea7ng tr\u1ec7t, 1 ph\u00f2ng ng\u1ee7, 1 b\u1ebfp ri\u00eang. View t\u1eeb ph\u00f2ng ng\u1ee7 Chill 3 l\u00e0 kh\u00f4ng gian c\u00e1t v\u00e0ng, bi\u1ec3n xanh, v\u01b0\u1eddn c\u1ecf chill chill r\u1ea5t xinh. Kh\u00f4ng gian v\u01b0\u1eddn CHILL 3 kh\u00e1 tho\u00e1ng, r\u1ea5t ph\u00f9 h\u1ee3p cho bu\u1ed5i ti\u1ec7c bbq ngo\u00e0i tr\u1eddi c\u00f9ng ng\u01b0\u1eddi y\u00eau, b\u1ea1n b\u00e8 v\u00e0 gia \u0111\u00ecnh.<\/p>\n<p>&#8211; KH\u00c1CH: 2NL<\/p>\n<p>&#8211; DI\u1ec6N T\u00cdCH: 34m2<\/p>\n<p>&#8211; GI\u01af\u1edcNG: 1 gi\u01b0\u1eddng m8-2m (2 ng\u01b0\u1eddi l\u1edbn)<\/p>\n<p>&#8211; TOILET RI\u00caNG<\/p>\n<p>&#8211; B\u1ebeP RI\u00caNG trong ph\u00f2ng \u0111\u01b0\u1ee3c chu\u1ea9n b\u1ecb \u0111\u1ea7y \u0111\u1ee7 d\u1ee5ng c\u1ee5 n\u1ea5u \u0103n<\/p>\n<p>&#8211; \u0110\u1eb6C \u0110I\u1ec2M: CHILL HOUSE 3, T\u1ea6NG TR\u1ec6T, S\u00c1T BI\u1ec2N, VIEW V\u01af\u1edcN BI\u1ec2N<\/p>\n<p>&#8211; S\u1ed1 ph\u00f2ng: 31,32,33,34 (S\u01a0 \u0110\u1ed2)<\/p>\n<p>&nbsp;<\/p>\n<p><strong>GI\u00c1 PH\u1ee4 THU (th\u00eam kh\u00e1ch)<\/strong><\/p>\n<p>(1) TR\u1eba EM (&lt;6 tu\u1ed5i) s\u1eed d\u1ee5ng chung gi\u01b0\u1eddng v\u1edbi ba m\u1eb9: Mi\u1ec5n ph\u00ed (t\u1ed1i \u0111a 1 tr\u1ebb\/ph\u00f2ng, 2 tr\u1ebb ph\u1ee5 thu 50.000\/\u0111\u00eam).<\/p>\n<p>(2) TR\u1eba EM (6-11 tu\u1ed5i) ph\u1ee5 thu 50.000\/\u0111\u00eam.<\/p>\n<p>(3) Ng\u01b0\u1eddi l\u1edbn (&gt;12 tu\u1ed5i): 100.000\/\u0111\u00eam<\/p>\n<p>&nbsp;<\/p>\n<p><strong>L\u01afU \u00dd<\/strong><\/p>\n<p><span data-sheets-value=\"{&quot;1&quot;:2,&quot;2&quot;:&quot;_ Ng\u00e0y l\u1ec5 t\u1ebft gi\u00e1 ph\u00f2ng ph\u1ee5 thu 20% (t\u00ednh theo gi\u00e1 ph\u00f2ng 1 \u0111\u00eam)&quot;}\" data-sheets-userformat=\"{&quot;2&quot;:31553,&quot;3&quot;:{&quot;1&quot;:0},&quot;9&quot;:0,&quot;11&quot;:0,&quot;12&quot;:0,&quot;14&quot;:{&quot;1&quot;:2,&quot;2&quot;:16711680},&quot;15&quot;:&quot;Arial, sans-serif&quot;,&quot;16&quot;:13,&quot;17&quot;:1}\">_ Ng\u00e0y l\u1ec5 t\u1ebft gi\u00e1 ph\u00f2ng ph\u1ee5 thu 20%\u00a0<\/span><\/p>\n<p>_ \u0110\u00e8n d\u00e2y \u1edf ban c\u00f4ng bi\u1ec3n c\u00f3 th\u1ec3 s\u1ebd kh\u00f4ng \u0111\u01b0\u1ee3c trang tr\u00ed v\u00e0o nh\u1eefng ng\u00e0y m\u01b0a<\/p>\n<p>_ Do \u1ea3nh h\u01b0\u1edfng m\u00f9a m\u01b0a b\u00e3o hi\u1ec7n t\u1ea1i b\u00e3i bi\u1ec3n Chill House (t\u1ea1m th\u1eddi) kh\u00f4ng c\u00f3 b\u00e3i c\u00e1t. M\u1ef1c n\u01b0\u1edbc bi\u1ec3n kho\u1ea3ng 40-90cm khi b\u01b0\u1edbc xu\u1ed1ng<\/p>\n","protected":false},"excerpt":{"rendered":"<p>&#8211; T\u1ed4NG QUAN: Chill 3 l\u00e0 d\u1ea1ng c\u0103n h\u1ed9 bi\u1ec3n t\u1ea7ng tr\u1ec7t, 1 ph\u00f2ng ng\u1ee7, 1 b\u1ebfp ri\u00eang. View t\u1eeb ph\u00f2ng ng\u1ee7 Chill 3 l\u00e0 kh\u00f4ng gian c\u00e1t v\u00e0ng, bi\u1ec3n xanh, v\u01b0\u1eddn c\u1ecf chill chill r\u1ea5t xinh. Kh\u00f4ng gian v\u01b0\u1eddn CHILL 3 kh\u00e1 tho\u00e1ng, r\u1ea5t ph\u00f9 h\u1ee3p cho bu\u1ed5i ti\u1ec7c bbq ngo\u00e0i tr\u1eddi c\u00f9ng ng\u01b0\u1eddi [&hellip;]<\/p>\n","protected":false},"featured_media":176,"comment_status":"open","ping_status":"closed","template":"","meta":[],"product_cat":[45],"product_tag":[],"class_list":{"0":"post-172","1":"product","2":"type-product","3":"status-publish","4":"has-post-thumbnail","6":"product_cat-rooms","8":"first","9":"instock","10":"sale","11":"shipping-taxable","12":"purchasable","13":"product-type-simple"},"yoast_head":"<!-- This site is optimized with the Yoast SEO plugin v22.3 - https:\/\/yoast.com\/wordpress\/plugins\/seo\/ -->\n<title>CHILL 3 - C\u0102N H\u1ed8 BI\u1ec2N V\u01af\u1edcN (B\u1ebeP RI\u00caNG) - CHILL HOUSE BY THE BEACH<\/title>\n<meta name=\"robots\" content=\"index, follow, max-snippet:-1, max-image-preview:large, max-video-preview:-1\" \/>\n<link rel=\"canonical\" href=\"https:\/\/chillhousephuquoc.com\/?product=chill-3-bien-vuon-bep\" \/>\n<meta property=\"og:locale\" content=\"vi_VN\" \/>\n<meta property=\"og:type\" content=\"article\" \/>\n<meta property=\"og:title\" content=\"CHILL 3 - C\u0102N H\u1ed8 BI\u1ec2N V\u01af\u1edcN (B\u1ebeP RI\u00caNG) - CHILL HOUSE BY THE BEACH\" \/>\n<meta property=\"og:description\" content=\"&#8211; T\u1ed4NG QUAN: Chill 3 l\u00e0 d\u1ea1ng c\u0103n h\u1ed9 bi\u1ec3n t\u1ea7ng tr\u1ec7t, 1 ph\u00f2ng ng\u1ee7, 1 b\u1ebfp ri\u00eang. View t\u1eeb ph\u00f2ng ng\u1ee7 Chill 3 l\u00e0 kh\u00f4ng gian c\u00e1t v\u00e0ng, bi\u1ec3n xanh, v\u01b0\u1eddn c\u1ecf chill chill r\u1ea5t xinh. Kh\u00f4ng gian v\u01b0\u1eddn CHILL 3 kh\u00e1 tho\u00e1ng, r\u1ea5t ph\u00f9 h\u1ee3p cho bu\u1ed5i ti\u1ec7c bbq ngo\u00e0i tr\u1eddi c\u00f9ng ng\u01b0\u1eddi [&hellip;]\" \/>\n<meta property=\"og:url\" content=\"https:\/\/chillhousephuquoc.com\/?product=chill-3-bien-vuon-bep\" \/>\n<meta property=\"og:site_name\" content=\"CHILL HOUSE BY THE BEACH\" \/>\n<meta property=\"article:publisher\" content=\"https:\/\/www.facebook.com\/chillhousebythebeachh\" \/>\n<meta property=\"article:modified_time\" content=\"2026-01-09T01:40:30+00:00\" \/>\n<meta property=\"og:image\" content=\"https:\/\/chillhousephuquoc.com\/wp-content\/uploads\/2022\/06\/3-3.jpg\" \/>\n\t<meta property=\"og:image:width\" content=\"867\" \/>\n\t<meta property=\"og:image:height\" content=\"650\" \/>\n\t<meta property=\"og:image:type\" content=\"image\/jpeg\" \/>\n<meta name=\"twitter:card\" content=\"summary_large_image\" \/>\n<meta name=\"twitter:label1\" content=\"\u01af\u1edbc t\u00ednh th\u1eddi gian \u0111\u1ecdc\" \/>\n\t<meta name=\"twitter:data1\" content=\"2 ph\u00fat\" \/>\n<script type=\"application\/ld+json\" class=\"yoast-schema-graph\">{\"@context\":\"https:\/\/schema.org\",\"@graph\":[{\"@type\":\"WebPage\",\"@id\":\"https:\/\/chillhousephuquoc.com\/?product=chill-3-bien-vuon-bep\",\"url\":\"https:\/\/chillhousephuquoc.com\/?product=chill-3-bien-vuon-bep\",\"name\":\"CHILL 3 - C\u0102N H\u1ed8 BI\u1ec2N V\u01af\u1edcN (B\u1ebeP RI\u00caNG) - CHILL HOUSE BY THE BEACH\",\"isPartOf\":{\"@id\":\"https:\/\/chillhousephuquoc.com\/#website\"},\"primaryImageOfPage\":{\"@id\":\"https:\/\/chillhousephuquoc.com\/?product=chill-3-bien-vuon-bep#primaryimage\"},\"image\":{\"@id\":\"https:\/\/chillhousephuquoc.com\/?product=chill-3-bien-vuon-bep#primaryimage\"},\"thumbnailUrl\":\"https:\/\/chillhousephuquoc.com\/wp-content\/uploads\/2022\/06\/3-3.jpg\",\"datePublished\":\"2022-06-01T19:35:52+00:00\",\"dateModified\":\"2026-01-09T01:40:30+00:00\",\"breadcrumb\":{\"@id\":\"https:\/\/chillhousephuquoc.com\/?product=chill-3-bien-vuon-bep#breadcrumb\"},\"inLanguage\":\"vi\",\"potentialAction\":[{\"@type\":\"ReadAction\",\"target\":[\"https:\/\/chillhousephuquoc.com\/?product=chill-3-bien-vuon-bep\"]}]},{\"@type\":\"ImageObject\",\"inLanguage\":\"vi\",\"@id\":\"https:\/\/chillhousephuquoc.com\/?product=chill-3-bien-vuon-bep#primaryimage\",\"url\":\"https:\/\/chillhousephuquoc.com\/wp-content\/uploads\/2022\/06\/3-3.jpg\",\"contentUrl\":\"https:\/\/chillhousephuquoc.com\/wp-content\/uploads\/2022\/06\/3-3.jpg\",\"width\":867,\"height\":650},{\"@type\":\"BreadcrumbList\",\"@id\":\"https:\/\/chillhousephuquoc.com\/?product=chill-3-bien-vuon-bep#breadcrumb\",\"itemListElement\":[{\"@type\":\"ListItem\",\"position\":1,\"name\":\"Trang ch\u1ee7\",\"item\":\"https:\/\/chillhousephuquoc.com\/\"},{\"@type\":\"ListItem\",\"position\":2,\"name\":\"CHILL 3 &#8211; C\u0102N H\u1ed8 BI\u1ec2N V\u01af\u1edcN (B\u1ebeP RI\u00caNG)\"}]},{\"@type\":\"WebSite\",\"@id\":\"https:\/\/chillhousephuquoc.com\/#website\",\"url\":\"https:\/\/chillhousephuquoc.com\/\",\"name\":\"CHILL HOUSE BY THE BEACH\",\"description\":\"\",\"publisher\":{\"@id\":\"https:\/\/chillhousephuquoc.com\/#organization\"},\"potentialAction\":[{\"@type\":\"SearchAction\",\"target\":{\"@type\":\"EntryPoint\",\"urlTemplate\":\"https:\/\/chillhousephuquoc.com\/?s={search_term_string}\"},\"query-input\":\"required name=search_term_string\"}],\"inLanguage\":\"vi\"},{\"@type\":\"Organization\",\"@id\":\"https:\/\/chillhousephuquoc.com\/#organization\",\"name\":\"CHILL HOUSE BY THE BEACH\",\"url\":\"https:\/\/chillhousephuquoc.com\/\",\"logo\":{\"@type\":\"ImageObject\",\"inLanguage\":\"vi\",\"@id\":\"https:\/\/chillhousephuquoc.com\/#\/schema\/logo\/image\/\",\"url\":\"https:\/\/chillhousephuquoc.com\/wp-content\/uploads\/2024\/04\/logo-nen-nhat.jpg\",\"contentUrl\":\"https:\/\/chillhousephuquoc.com\/wp-content\/uploads\/2024\/04\/logo-nen-nhat.jpg\",\"width\":2000,\"height\":2000,\"caption\":\"CHILL HOUSE BY THE BEACH\"},\"image\":{\"@id\":\"https:\/\/chillhousephuquoc.com\/#\/schema\/logo\/image\/\"},\"sameAs\":[\"https:\/\/www.facebook.com\/chillhousebythebeachh\"]}]}<\/script>\n<!-- \/ Yoast SEO plugin. -->","yoast_head_json":{"title":"CHILL 3 - C\u0102N H\u1ed8 BI\u1ec2N V\u01af\u1edcN (B\u1ebeP RI\u00caNG) - CHILL HOUSE BY THE BEACH","robots":{"index":"index","follow":"follow","max-snippet":"max-snippet:-1","max-image-preview":"max-image-preview:large","max-video-preview":"max-video-preview:-1"},"canonical":"https:\/\/chillhousephuquoc.com\/?product=chill-3-bien-vuon-bep","og_locale":"vi_VN","og_type":"article","og_title":"CHILL 3 - C\u0102N H\u1ed8 BI\u1ec2N V\u01af\u1edcN (B\u1ebeP RI\u00caNG) - CHILL HOUSE BY THE BEACH","og_description":"&#8211; T\u1ed4NG QUAN: Chill 3 l\u00e0 d\u1ea1ng c\u0103n h\u1ed9 bi\u1ec3n t\u1ea7ng tr\u1ec7t, 1 ph\u00f2ng ng\u1ee7, 1 b\u1ebfp ri\u00eang. View t\u1eeb ph\u00f2ng ng\u1ee7 Chill 3 l\u00e0 kh\u00f4ng gian c\u00e1t v\u00e0ng, bi\u1ec3n xanh, v\u01b0\u1eddn c\u1ecf chill chill r\u1ea5t xinh. Kh\u00f4ng gian v\u01b0\u1eddn CHILL 3 kh\u00e1 tho\u00e1ng, r\u1ea5t ph\u00f9 h\u1ee3p cho bu\u1ed5i ti\u1ec7c bbq ngo\u00e0i tr\u1eddi c\u00f9ng ng\u01b0\u1eddi [&hellip;]","og_url":"https:\/\/chillhousephuquoc.com\/?product=chill-3-bien-vuon-bep","og_site_name":"CHILL HOUSE BY THE BEACH","article_publisher":"https:\/\/www.facebook.com\/chillhousebythebeachh","article_modified_time":"2026-01-09T01:40:30+00:00","og_image":[{"width":867,"height":650,"url":"https:\/\/chillhousephuquoc.com\/wp-content\/uploads\/2022\/06\/3-3.jpg","type":"image\/jpeg"}],"twitter_card":"summary_large_image","twitter_misc":{"\u01af\u1edbc t\u00ednh th\u1eddi gian \u0111\u1ecdc":"2 ph\u00fat"},"schema":{"@context":"https:\/\/schema.org","@graph":[{"@type":"WebPage","@id":"https:\/\/chillhousephuquoc.com\/?product=chill-3-bien-vuon-bep","url":"https:\/\/chillhousephuquoc.com\/?product=chill-3-bien-vuon-bep","name":"CHILL 3 - C\u0102N H\u1ed8 BI\u1ec2N V\u01af\u1edcN (B\u1ebeP RI\u00caNG) - CHILL HOUSE BY THE BEACH","isPartOf":{"@id":"https:\/\/chillhousephuquoc.com\/#website"},"primaryImageOfPage":{"@id":"https:\/\/chillhousephuquoc.com\/?product=chill-3-bien-vuon-bep#primaryimage"},"image":{"@id":"https:\/\/chillhousephuquoc.com\/?product=chill-3-bien-vuon-bep#primaryimage"},"thumbnailUrl":"https:\/\/chillhousephuquoc.com\/wp-content\/uploads\/2022\/06\/3-3.jpg","datePublished":"2022-06-01T19:35:52+00:00","dateModified":"2026-01-09T01:40:30+00:00","breadcrumb":{"@id":"https:\/\/chillhousephuquoc.com\/?product=chill-3-bien-vuon-bep#breadcrumb"},"inLanguage":"vi","potentialAction":[{"@type":"ReadAction","target":["https:\/\/chillhousephuquoc.com\/?product=chill-3-bien-vuon-bep"]}]},{"@type":"ImageObject","inLanguage":"vi","@id":"https:\/\/chillhousephuquoc.com\/?product=chill-3-bien-vuon-bep#primaryimage","url":"https:\/\/chillhousephuquoc.com\/wp-content\/uploads\/2022\/06\/3-3.jpg","contentUrl":"https:\/\/chillhousephuquoc.com\/wp-content\/uploads\/2022\/06\/3-3.jpg","width":867,"height":650},{"@type":"BreadcrumbList","@id":"https:\/\/chillhousephuquoc.com\/?product=chill-3-bien-vuon-bep#breadcrumb","itemListElement":[{"@type":"ListItem","position":1,"name":"Trang ch\u1ee7","item":"https:\/\/chillhousephuquoc.com\/"},{"@type":"ListItem","position":2,"name":"CHILL 3 &#8211; C\u0102N H\u1ed8 BI\u1ec2N V\u01af\u1edcN (B\u1ebeP RI\u00caNG)"}]},{"@type":"WebSite","@id":"https:\/\/chillhousephuquoc.com\/#website","url":"https:\/\/chillhousephuquoc.com\/","name":"CHILL HOUSE BY THE BEACH","description":"","publisher":{"@id":"https:\/\/chillhousephuquoc.com\/#organization"},"potentialAction":[{"@type":"SearchAction","target":{"@type":"EntryPoint","urlTemplate":"https:\/\/chillhousephuquoc.com\/?s={search_term_string}"},"query-input":"required name=search_term_string"}],"inLanguage":"vi"},{"@type":"Organization","@id":"https:\/\/chillhousephuquoc.com\/#organization","name":"CHILL HOUSE BY THE BEACH","url":"https:\/\/chillhousephuquoc.com\/","logo":{"@type":"ImageObject","inLanguage":"vi","@id":"https:\/\/chillhousephuquoc.com\/#\/schema\/logo\/image\/","url":"https:\/\/chillhousephuquoc.com\/wp-content\/uploads\/2024\/04\/logo-nen-nhat.jpg","contentUrl":"https:\/\/chillhousephuquoc.com\/wp-content\/uploads\/2024\/04\/logo-nen-nhat.jpg","width":2000,"height":2000,"caption":"CHILL HOUSE BY THE BEACH"},"image":{"@id":"https:\/\/chillhousephuquoc.com\/#\/schema\/logo\/image\/"},"sameAs":["https:\/\/www.facebook.com\/chillhousebythebeachh"]}]}},"_links":{"self":[{"href":"https:\/\/chillhousephuquoc.com\/index.php?rest_route=\/wp\/v2\/product\/172","targetHints":{"allow":["GET"]}}],"collection":[{"href":"https:\/\/chillhousephuquoc.com\/index.php?rest_route=\/wp\/v2\/product"}],"about":[{"href":"https:\/\/chillhousephuquoc.com\/index.php?rest_route=\/wp\/v2\/types\/product"}],"replies":[{"embeddable":true,"href":"https:\/\/chillhousephuquoc.com\/index.php?rest_route=%2Fwp%2Fv2%2Fcomments&post=172"}],"wp:featuredmedia":[{"embeddable":true,"href":"https:\/\/chillhousephuquoc.com\/index.php?rest_route=\/wp\/v2\/media\/176"}],"wp:attachment":[{"href":"https:\/\/chillhousephuquoc.com\/index.php?rest_route=%2Fwp%2Fv2%2Fmedia&parent=172"}],"wp:term":[{"taxonomy":"product_cat","embeddable":true,"href":"https:\/\/chillhousephuquoc.com\/index.php?rest_route=%2Fwp%2Fv2%2Fproduct_cat&post=172"},{"taxonomy":"product_tag","embeddable":true,"href":"https:\/\/chillhousephuquoc.com\/index.php?rest_route=%2Fwp%2Fv2%2Fproduct_tag&post=172"}],"curies":[{"name":"wp","href":"https:\/\/api.w.org\/{rel}","templated":true}]}}