{"id":193,"date":"2022-06-02T02:39:24","date_gmt":"2022-06-01T19:39:24","guid":{"rendered":"http:\/\/localhost\/bookings\/?post_type=product&#038;p=193"},"modified":"2026-01-09T08:40:47","modified_gmt":"2026-01-09T01:40:47","slug":"chill-41-42-bien-vuon-2-ngu-bep","status":"publish","type":"product","link":"https:\/\/chillhousephuquoc.com\/?product=chill-41-42-bien-vuon-2-ngu-bep","title":{"rendered":"CHILL 41\/42 &#8211; C\u0102N H\u1ed8 BI\u1ec2N V\u01af\u1edcN 2 NG\u1ee6 (B\u1ebeP RI\u00caNG)"},"content":{"rendered":"<p>&#8211; T\u1ed4NG QUAN: C\u0103n h\u1ed9 Chill 41\/42 c\u00f3 view bi\u1ec3n v\u01b0\u1eddn xinh x\u1eafn, thu\u1ed9c t\u1ea7ng tr\u1ec7t c\u1ee7a nh\u00e0 CHILL HOUSE 4 . C\u0103n n\u00e0y gi\u1ed1ng d\u1ea1ng c\u0103n h\u1ed9 gia \u0111\u00ecnh v\u1edbi kh\u00f4ng gian r\u1ed9ng r\u00e3i v\u00e0 tho\u1ea3i m\u00e1i; bao g\u1ed3m 2 ph\u00f2ng ng\u1ee7 ri\u00eang c\u00f3 di\u1ec7n t\u00edch nh\u01b0 nhau, 2 toilet ri\u00eang cho m\u1ed7i ph\u00f2ng ng\u1ee7 v\u00e0 gi\u1eefa 2 ph\u00f2ng c\u00f3 c\u1eeda g\u1ed7 ng\u0103n c\u00e1ch; ph\u00f9 h\u1ee3p v\u1edbi gia \u0111\u00ecnh ho\u1eb7c nh\u00f3m b\u1ea1n; \u0111\u01b0\u1ee3c trang b\u1ecb \u0111\u1ea7y \u0111\u1ee7 b\u1ebfp n\u1ea5u, d\u1ee5ng c\u1ee5 n\u1ea5u n\u01b0\u1edbng, ti\u1ec7n nghi \u0111\u1ec3 gia \u0111\u00ecnh s\u1eed d\u1ee5ng.<\/p>\n<p>&#8211; KH\u00c1CH: 2-4 KH\u00c1CH<\/p>\n<p>&#8211; DI\u1ec6N T\u00cdCH: 95m2<\/p>\n<p>&#8211; GI\u01af\u1edcNG: 2 gi\u01b0\u1eddng m6*2m<\/p>\n<p>&#8211; 2 TOILET RI\u00caNG<\/p>\n<p>&#8211; B\u1ebeP RI\u00caNG trong ph\u00f2ng \u0111\u01b0\u1ee3c chu\u1ea9n b\u1ecb \u0111\u1ea7y \u0111\u1ee7 d\u1ee5ng c\u1ee5 n\u1ea5u \u0103n<\/p>\n<p>&#8211; \u0110\u1eb6C \u0110I\u1ec2M: CHILL HOUSE 4, T\u1ea6NG TR\u1ec6T, 2 PH\u00d2NG NG\u1ee6 RI\u00caNG 2 PH\u00d2NG T\u1eaeM RI\u00caNG, V\u01af\u1edcN NH\u1ece XINH, C\u1eecA NG\u0102N C\u00c1CH 2 PH\u00d2NG<\/p>\n<p>&#8211; S\u1ed0 PH\u00d2NG: 41,42 (S\u01a0 \u0110\u1ed2)<\/p>\n<p>&nbsp;<\/p>\n<p class=\"p1\"><b>GI\u00c1 PH\u1ee4 THU (th\u00eam kh\u00e1ch)<\/b><\/p>\n<p class=\"p1\">(1) TR\u1eba EM (&lt;6 tu\u1ed5i) s\u1eed d\u1ee5ng chung gi\u01b0\u1eddng v\u1edbi ba m\u1eb9: Mi\u1ec5n ph\u00ed (t\u1ed1i \u0111a 1 tr\u1ebb\/ph\u00f2ng, 2 tr\u1ebb ph\u1ee5 thu 50.000\/\u0111\u00eam).<\/p>\n<p class=\"p1\">(2) TR\u1eba EM (6-11 tu\u1ed5i) ph\u1ee5 thu 50.000\/\u0111\u00eam.<\/p>\n<p class=\"p1\">(3) Ng\u01b0\u1eddi l\u1edbn (&gt;12 tu\u1ed5i): 100.000\/\u0111\u00eam<\/p>\n<p class=\"p1\"><b>L\u01afU \u00dd<\/b><\/p>\n<p class=\"p1\">_ Ng\u00e0y l\u1ec5 t\u1ebft gi\u00e1 ph\u00f2ng ph\u1ee5 thu 20%<\/p>\n<p class=\"p1\">_ \u0110\u00e8n d\u00e2y \u1edf ban c\u00f4ng bi\u1ec3n c\u00f3 th\u1ec3 s\u1ebd kh\u00f4ng \u0111\u01b0\u1ee3c trang tr\u00ed v\u00e0o nh\u1eefng ng\u00e0y m\u01b0a<\/p>\n<p>_ Do \u1ea3nh h\u01b0\u1edfng m\u00f9a m\u01b0a b\u00e3o hi\u1ec7n t\u1ea1i b\u00e3i bi\u1ec3n Chill House (t\u1ea1m th\u1eddi) kh\u00f4ng c\u00f3 b\u00e3i c\u00e1t. M\u1ef1c n\u01b0\u1edbc bi\u1ec3n kho\u1ea3ng 40-90cm khi b\u01b0\u1edbc xu\u1ed1ng<\/p>\n","protected":false},"excerpt":{"rendered":"<p>&#8211; T\u1ed4NG QUAN: C\u0103n h\u1ed9 Chill 41\/42 c\u00f3 view bi\u1ec3n v\u01b0\u1eddn xinh x\u1eafn, thu\u1ed9c t\u1ea7ng tr\u1ec7t c\u1ee7a nh\u00e0 CHILL HOUSE 4 . C\u0103n n\u00e0y gi\u1ed1ng d\u1ea1ng c\u0103n h\u1ed9 gia \u0111\u00ecnh v\u1edbi kh\u00f4ng gian r\u1ed9ng r\u00e3i v\u00e0 tho\u1ea3i m\u00e1i; bao g\u1ed3m 2 ph\u00f2ng ng\u1ee7 ri\u00eang c\u00f3 di\u1ec7n t\u00edch nh\u01b0 nhau, 2 toilet ri\u00eang cho m\u1ed7i ph\u00f2ng [&hellip;]<\/p>\n","protected":false},"featured_media":194,"comment_status":"open","ping_status":"closed","template":"","meta":[],"product_cat":[45],"product_tag":[],"class_list":{"0":"post-193","1":"product","2":"type-product","3":"status-publish","4":"has-post-thumbnail","6":"product_cat-rooms","8":"first","9":"instock","10":"sale","11":"shipping-taxable","12":"purchasable","13":"product-type-simple"},"yoast_head":"<!-- This site is optimized with the Yoast SEO plugin v22.3 - https:\/\/yoast.com\/wordpress\/plugins\/seo\/ -->\n<title>CHILL 41\/42 - C\u0102N H\u1ed8 BI\u1ec2N V\u01af\u1edcN 2 NG\u1ee6 (B\u1ebeP RI\u00caNG) - CHILL HOUSE BY THE BEACH<\/title>\n<meta name=\"robots\" content=\"index, follow, max-snippet:-1, max-image-preview:large, max-video-preview:-1\" \/>\n<link rel=\"canonical\" href=\"https:\/\/chillhousephuquoc.com\/?product=chill-41-42-bien-vuon-2-ngu-bep\" \/>\n<meta property=\"og:locale\" content=\"vi_VN\" \/>\n<meta property=\"og:type\" content=\"article\" \/>\n<meta property=\"og:title\" content=\"CHILL 41\/42 - C\u0102N H\u1ed8 BI\u1ec2N V\u01af\u1edcN 2 NG\u1ee6 (B\u1ebeP RI\u00caNG) - CHILL HOUSE BY THE BEACH\" \/>\n<meta property=\"og:description\" content=\"&#8211; T\u1ed4NG QUAN: C\u0103n h\u1ed9 Chill 41\/42 c\u00f3 view bi\u1ec3n v\u01b0\u1eddn xinh x\u1eafn, thu\u1ed9c t\u1ea7ng tr\u1ec7t c\u1ee7a nh\u00e0 CHILL HOUSE 4 . C\u0103n n\u00e0y gi\u1ed1ng d\u1ea1ng c\u0103n h\u1ed9 gia \u0111\u00ecnh v\u1edbi kh\u00f4ng gian r\u1ed9ng r\u00e3i v\u00e0 tho\u1ea3i m\u00e1i; bao g\u1ed3m 2 ph\u00f2ng ng\u1ee7 ri\u00eang c\u00f3 di\u1ec7n t\u00edch nh\u01b0 nhau, 2 toilet ri\u00eang cho m\u1ed7i ph\u00f2ng [&hellip;]\" \/>\n<meta property=\"og:url\" content=\"https:\/\/chillhousephuquoc.com\/?product=chill-41-42-bien-vuon-2-ngu-bep\" \/>\n<meta property=\"og:site_name\" content=\"CHILL HOUSE BY THE BEACH\" \/>\n<meta property=\"article:publisher\" content=\"https:\/\/www.facebook.com\/chillhousebythebeachh\" \/>\n<meta property=\"article:modified_time\" content=\"2026-01-09T01:40:47+00:00\" \/>\n<meta property=\"og:image\" content=\"https:\/\/chillhousephuquoc.com\/wp-content\/uploads\/2022\/06\/1-10.jpg\" \/>\n\t<meta property=\"og:image:width\" content=\"867\" \/>\n\t<meta property=\"og:image:height\" content=\"650\" \/>\n\t<meta property=\"og:image:type\" content=\"image\/jpeg\" \/>\n<meta name=\"twitter:card\" content=\"summary_large_image\" \/>\n<meta name=\"twitter:label1\" content=\"\u01af\u1edbc t\u00ednh th\u1eddi gian \u0111\u1ecdc\" \/>\n\t<meta name=\"twitter:data1\" content=\"2 ph\u00fat\" \/>\n<script type=\"application\/ld+json\" class=\"yoast-schema-graph\">{\"@context\":\"https:\/\/schema.org\",\"@graph\":[{\"@type\":\"WebPage\",\"@id\":\"https:\/\/chillhousephuquoc.com\/?product=chill-41-42-bien-vuon-2-ngu-bep\",\"url\":\"https:\/\/chillhousephuquoc.com\/?product=chill-41-42-bien-vuon-2-ngu-bep\",\"name\":\"CHILL 41\/42 - C\u0102N H\u1ed8 BI\u1ec2N V\u01af\u1edcN 2 NG\u1ee6 (B\u1ebeP RI\u00caNG) - CHILL HOUSE BY THE BEACH\",\"isPartOf\":{\"@id\":\"https:\/\/chillhousephuquoc.com\/#website\"},\"primaryImageOfPage\":{\"@id\":\"https:\/\/chillhousephuquoc.com\/?product=chill-41-42-bien-vuon-2-ngu-bep#primaryimage\"},\"image\":{\"@id\":\"https:\/\/chillhousephuquoc.com\/?product=chill-41-42-bien-vuon-2-ngu-bep#primaryimage\"},\"thumbnailUrl\":\"https:\/\/chillhousephuquoc.com\/wp-content\/uploads\/2022\/06\/1-10.jpg\",\"datePublished\":\"2022-06-01T19:39:24+00:00\",\"dateModified\":\"2026-01-09T01:40:47+00:00\",\"breadcrumb\":{\"@id\":\"https:\/\/chillhousephuquoc.com\/?product=chill-41-42-bien-vuon-2-ngu-bep#breadcrumb\"},\"inLanguage\":\"vi\",\"potentialAction\":[{\"@type\":\"ReadAction\",\"target\":[\"https:\/\/chillhousephuquoc.com\/?product=chill-41-42-bien-vuon-2-ngu-bep\"]}]},{\"@type\":\"ImageObject\",\"inLanguage\":\"vi\",\"@id\":\"https:\/\/chillhousephuquoc.com\/?product=chill-41-42-bien-vuon-2-ngu-bep#primaryimage\",\"url\":\"https:\/\/chillhousephuquoc.com\/wp-content\/uploads\/2022\/06\/1-10.jpg\",\"contentUrl\":\"https:\/\/chillhousephuquoc.com\/wp-content\/uploads\/2022\/06\/1-10.jpg\",\"width\":867,\"height\":650},{\"@type\":\"BreadcrumbList\",\"@id\":\"https:\/\/chillhousephuquoc.com\/?product=chill-41-42-bien-vuon-2-ngu-bep#breadcrumb\",\"itemListElement\":[{\"@type\":\"ListItem\",\"position\":1,\"name\":\"Trang ch\u1ee7\",\"item\":\"https:\/\/chillhousephuquoc.com\/\"},{\"@type\":\"ListItem\",\"position\":2,\"name\":\"CHILL 41\/42 &#8211; C\u0102N H\u1ed8 BI\u1ec2N V\u01af\u1edcN 2 NG\u1ee6 (B\u1ebeP RI\u00caNG)\"}]},{\"@type\":\"WebSite\",\"@id\":\"https:\/\/chillhousephuquoc.com\/#website\",\"url\":\"https:\/\/chillhousephuquoc.com\/\",\"name\":\"CHILL HOUSE BY THE BEACH\",\"description\":\"\",\"publisher\":{\"@id\":\"https:\/\/chillhousephuquoc.com\/#organization\"},\"potentialAction\":[{\"@type\":\"SearchAction\",\"target\":{\"@type\":\"EntryPoint\",\"urlTemplate\":\"https:\/\/chillhousephuquoc.com\/?s={search_term_string}\"},\"query-input\":\"required name=search_term_string\"}],\"inLanguage\":\"vi\"},{\"@type\":\"Organization\",\"@id\":\"https:\/\/chillhousephuquoc.com\/#organization\",\"name\":\"CHILL HOUSE BY THE BEACH\",\"url\":\"https:\/\/chillhousephuquoc.com\/\",\"logo\":{\"@type\":\"ImageObject\",\"inLanguage\":\"vi\",\"@id\":\"https:\/\/chillhousephuquoc.com\/#\/schema\/logo\/image\/\",\"url\":\"https:\/\/chillhousephuquoc.com\/wp-content\/uploads\/2024\/04\/logo-nen-nhat.jpg\",\"contentUrl\":\"https:\/\/chillhousephuquoc.com\/wp-content\/uploads\/2024\/04\/logo-nen-nhat.jpg\",\"width\":2000,\"height\":2000,\"caption\":\"CHILL HOUSE BY THE BEACH\"},\"image\":{\"@id\":\"https:\/\/chillhousephuquoc.com\/#\/schema\/logo\/image\/\"},\"sameAs\":[\"https:\/\/www.facebook.com\/chillhousebythebeachh\"]}]}<\/script>\n<!-- \/ Yoast SEO plugin. -->","yoast_head_json":{"title":"CHILL 41\/42 - C\u0102N H\u1ed8 BI\u1ec2N V\u01af\u1edcN 2 NG\u1ee6 (B\u1ebeP RI\u00caNG) - CHILL HOUSE BY THE BEACH","robots":{"index":"index","follow":"follow","max-snippet":"max-snippet:-1","max-image-preview":"max-image-preview:large","max-video-preview":"max-video-preview:-1"},"canonical":"https:\/\/chillhousephuquoc.com\/?product=chill-41-42-bien-vuon-2-ngu-bep","og_locale":"vi_VN","og_type":"article","og_title":"CHILL 41\/42 - C\u0102N H\u1ed8 BI\u1ec2N V\u01af\u1edcN 2 NG\u1ee6 (B\u1ebeP RI\u00caNG) - CHILL HOUSE BY THE BEACH","og_description":"&#8211; T\u1ed4NG QUAN: C\u0103n h\u1ed9 Chill 41\/42 c\u00f3 view bi\u1ec3n v\u01b0\u1eddn xinh x\u1eafn, thu\u1ed9c t\u1ea7ng tr\u1ec7t c\u1ee7a nh\u00e0 CHILL HOUSE 4 . C\u0103n n\u00e0y gi\u1ed1ng d\u1ea1ng c\u0103n h\u1ed9 gia \u0111\u00ecnh v\u1edbi kh\u00f4ng gian r\u1ed9ng r\u00e3i v\u00e0 tho\u1ea3i m\u00e1i; bao g\u1ed3m 2 ph\u00f2ng ng\u1ee7 ri\u00eang c\u00f3 di\u1ec7n t\u00edch nh\u01b0 nhau, 2 toilet ri\u00eang cho m\u1ed7i ph\u00f2ng [&hellip;]","og_url":"https:\/\/chillhousephuquoc.com\/?product=chill-41-42-bien-vuon-2-ngu-bep","og_site_name":"CHILL HOUSE BY THE BEACH","article_publisher":"https:\/\/www.facebook.com\/chillhousebythebeachh","article_modified_time":"2026-01-09T01:40:47+00:00","og_image":[{"width":867,"height":650,"url":"https:\/\/chillhousephuquoc.com\/wp-content\/uploads\/2022\/06\/1-10.jpg","type":"image\/jpeg"}],"twitter_card":"summary_large_image","twitter_misc":{"\u01af\u1edbc t\u00ednh th\u1eddi gian \u0111\u1ecdc":"2 ph\u00fat"},"schema":{"@context":"https:\/\/schema.org","@graph":[{"@type":"WebPage","@id":"https:\/\/chillhousephuquoc.com\/?product=chill-41-42-bien-vuon-2-ngu-bep","url":"https:\/\/chillhousephuquoc.com\/?product=chill-41-42-bien-vuon-2-ngu-bep","name":"CHILL 41\/42 - C\u0102N H\u1ed8 BI\u1ec2N V\u01af\u1edcN 2 NG\u1ee6 (B\u1ebeP RI\u00caNG) - CHILL HOUSE BY THE BEACH","isPartOf":{"@id":"https:\/\/chillhousephuquoc.com\/#website"},"primaryImageOfPage":{"@id":"https:\/\/chillhousephuquoc.com\/?product=chill-41-42-bien-vuon-2-ngu-bep#primaryimage"},"image":{"@id":"https:\/\/chillhousephuquoc.com\/?product=chill-41-42-bien-vuon-2-ngu-bep#primaryimage"},"thumbnailUrl":"https:\/\/chillhousephuquoc.com\/wp-content\/uploads\/2022\/06\/1-10.jpg","datePublished":"2022-06-01T19:39:24+00:00","dateModified":"2026-01-09T01:40:47+00:00","breadcrumb":{"@id":"https:\/\/chillhousephuquoc.com\/?product=chill-41-42-bien-vuon-2-ngu-bep#breadcrumb"},"inLanguage":"vi","potentialAction":[{"@type":"ReadAction","target":["https:\/\/chillhousephuquoc.com\/?product=chill-41-42-bien-vuon-2-ngu-bep"]}]},{"@type":"ImageObject","inLanguage":"vi","@id":"https:\/\/chillhousephuquoc.com\/?product=chill-41-42-bien-vuon-2-ngu-bep#primaryimage","url":"https:\/\/chillhousephuquoc.com\/wp-content\/uploads\/2022\/06\/1-10.jpg","contentUrl":"https:\/\/chillhousephuquoc.com\/wp-content\/uploads\/2022\/06\/1-10.jpg","width":867,"height":650},{"@type":"BreadcrumbList","@id":"https:\/\/chillhousephuquoc.com\/?product=chill-41-42-bien-vuon-2-ngu-bep#breadcrumb","itemListElement":[{"@type":"ListItem","position":1,"name":"Trang ch\u1ee7","item":"https:\/\/chillhousephuquoc.com\/"},{"@type":"ListItem","position":2,"name":"CHILL 41\/42 &#8211; C\u0102N H\u1ed8 BI\u1ec2N V\u01af\u1edcN 2 NG\u1ee6 (B\u1ebeP RI\u00caNG)"}]},{"@type":"WebSite","@id":"https:\/\/chillhousephuquoc.com\/#website","url":"https:\/\/chillhousephuquoc.com\/","name":"CHILL HOUSE BY THE BEACH","description":"","publisher":{"@id":"https:\/\/chillhousephuquoc.com\/#organization"},"potentialAction":[{"@type":"SearchAction","target":{"@type":"EntryPoint","urlTemplate":"https:\/\/chillhousephuquoc.com\/?s={search_term_string}"},"query-input":"required name=search_term_string"}],"inLanguage":"vi"},{"@type":"Organization","@id":"https:\/\/chillhousephuquoc.com\/#organization","name":"CHILL HOUSE BY THE BEACH","url":"https:\/\/chillhousephuquoc.com\/","logo":{"@type":"ImageObject","inLanguage":"vi","@id":"https:\/\/chillhousephuquoc.com\/#\/schema\/logo\/image\/","url":"https:\/\/chillhousephuquoc.com\/wp-content\/uploads\/2024\/04\/logo-nen-nhat.jpg","contentUrl":"https:\/\/chillhousephuquoc.com\/wp-content\/uploads\/2024\/04\/logo-nen-nhat.jpg","width":2000,"height":2000,"caption":"CHILL HOUSE BY THE BEACH"},"image":{"@id":"https:\/\/chillhousephuquoc.com\/#\/schema\/logo\/image\/"},"sameAs":["https:\/\/www.facebook.com\/chillhousebythebeachh"]}]}},"_links":{"self":[{"href":"https:\/\/chillhousephuquoc.com\/index.php?rest_route=\/wp\/v2\/product\/193","targetHints":{"allow":["GET"]}}],"collection":[{"href":"https:\/\/chillhousephuquoc.com\/index.php?rest_route=\/wp\/v2\/product"}],"about":[{"href":"https:\/\/chillhousephuquoc.com\/index.php?rest_route=\/wp\/v2\/types\/product"}],"replies":[{"embeddable":true,"href":"https:\/\/chillhousephuquoc.com\/index.php?rest_route=%2Fwp%2Fv2%2Fcomments&post=193"}],"wp:featuredmedia":[{"embeddable":true,"href":"https:\/\/chillhousephuquoc.com\/index.php?rest_route=\/wp\/v2\/media\/194"}],"wp:attachment":[{"href":"https:\/\/chillhousephuquoc.com\/index.php?rest_route=%2Fwp%2Fv2%2Fmedia&parent=193"}],"wp:term":[{"taxonomy":"product_cat","embeddable":true,"href":"https:\/\/chillhousephuquoc.com\/index.php?rest_route=%2Fwp%2Fv2%2Fproduct_cat&post=193"},{"taxonomy":"product_tag","embeddable":true,"href":"https:\/\/chillhousephuquoc.com\/index.php?rest_route=%2Fwp%2Fv2%2Fproduct_tag&post=193"}],"curies":[{"name":"wp","href":"https:\/\/api.w.org\/{rel}","templated":true}]}}