{"id":214,"date":"2022-06-02T02:43:28","date_gmt":"2022-06-01T19:43:28","guid":{"rendered":"http:\/\/localhost\/bookings\/?post_type=product&#038;p=214"},"modified":"2026-01-09T08:41:53","modified_gmt":"2026-01-09T01:41:53","slug":"chill-45-phong-doi-view-xom","status":"publish","type":"product","link":"https:\/\/chillhousephuquoc.com\/?product=chill-45-phong-doi-view-xom","title":{"rendered":"CHILL 45 &#8211; PH\u00d2NG \u0110\u00d4I (VIEW X\u00d3M)"},"content":{"rendered":"<p><strong>T\u1ed4NG QUAN<\/strong>: Ph\u00f2ng \u0111\u00f4i view x\u00f3m Chill 45 n\u1eb1m tr\u00ean t\u1ea7ng 2 c\u1ee7a nh\u00e0 bi\u1ec3n CHILL HOUSE 4. D\u00f9 kh\u00f4ng c\u00f3 view bi\u1ec3n t\u1eeb trong ph\u00f2ng, Chill 45 v\u1eabn l\u00e0 s\u1ef1 l\u1ef1a ch\u1ecdn ho\u00e0n h\u1ea3o cho chuy\u1ebfn du l\u1ecbch tr\u1ea3i nghi\u1ec7m v\u00e0 ti\u1ebft ki\u1ec7m. V\u00ec Chill House s\u00e1t bi\u1ec3n n\u00ean cho d\u00f9 l\u1ef1a ch\u1ecdn ph\u00f2ng n\u00e0o, du kh\u00e1ch v\u1eabn c\u00f3 th\u1ec3 t\u1eadn h\u01b0\u1edfng ti\u1ebfng s\u00f3ng bi\u1ec3n, gi\u00f3 bi\u1ec3n m\u1ed7i ng\u00e0y.<\/p>\n<p>&#8211; KH\u00c1CH: 2 kh\u00e1ch<\/p>\n<p>&#8211; DI\u1ec6N T\u00cdCH: 35m2<\/p>\n<p>&#8211; GI\u01af\u1edcNG: 1 gi\u01b0\u1eddng m6*2m<\/p>\n<p>&#8211; TOILET RI\u00caNG<\/p>\n<p>&#8211; \u0110\u1eb6C \u0110I\u1ec2M: CHILL HOUSE 4, T\u1ea6NG TR\u00caN, KH\u00d4NG VIEW BI\u1ec2N, TI\u1ebeT KI\u1ec6M<\/p>\n<p>&#8211; S\u1ed0 PH\u00d2NG: 45 (S\u01a0 \u0110\u1ed2)<\/p>\n<p>&nbsp;<\/p>\n<p class=\"p1\"><b>GI\u00c1 PH\u1ee4 THU (th\u00eam kh\u00e1ch)<\/b><\/p>\n<p class=\"p1\">(1) TR\u1eba EM (&lt;6 tu\u1ed5i) s\u1eed d\u1ee5ng chung gi\u01b0\u1eddng v\u1edbi ba m\u1eb9: Mi\u1ec5n ph\u00ed (t\u1ed1i \u0111a 1 tr\u1ebb\/ph\u00f2ng, 2 tr\u1ebb ph\u1ee5 thu 50.000\/\u0111\u00eam).<\/p>\n<p class=\"p1\">(2) TR\u1eba EM (6-11 tu\u1ed5i) ph\u1ee5 thu 50.000\/\u0111\u00eam.<\/p>\n<p class=\"p1\">(3) Ng\u01b0\u1eddi l\u1edbn (&gt;12 tu\u1ed5i): 100.000\/\u0111\u00eam<\/p>\n<p class=\"p1\"><b>L\u01afU \u00dd<\/b><\/p>\n<p class=\"p1\">_ Ng\u00e0y l\u1ec5 t\u1ebft gi\u00e1 ph\u00f2ng ph\u1ee5 thu 20%<\/p>\n<p>_ Do \u1ea3nh h\u01b0\u1edfng m\u00f9a m\u01b0a b\u00e3o hi\u1ec7n t\u1ea1i b\u00e3i bi\u1ec3n Chill House (t\u1ea1m th\u1eddi) kh\u00f4ng c\u00f3 b\u00e3i c\u00e1t. M\u1ef1c n\u01b0\u1edbc bi\u1ec3n kho\u1ea3ng 40-90cm khi b\u01b0\u1edbc xu\u1ed1ng<\/p>\n","protected":false},"excerpt":{"rendered":"<p>T\u1ed4NG QUAN: Ph\u00f2ng \u0111\u00f4i view x\u00f3m Chill 45 n\u1eb1m tr\u00ean t\u1ea7ng 2 c\u1ee7a nh\u00e0 bi\u1ec3n CHILL HOUSE 4. D\u00f9 kh\u00f4ng c\u00f3 view bi\u1ec3n t\u1eeb trong ph\u00f2ng, Chill 45 v\u1eabn l\u00e0 s\u1ef1 l\u1ef1a ch\u1ecdn ho\u00e0n h\u1ea3o cho chuy\u1ebfn du l\u1ecbch tr\u1ea3i nghi\u1ec7m v\u00e0 ti\u1ebft ki\u1ec7m. V\u00ec Chill House s\u00e1t bi\u1ec3n n\u00ean cho d\u00f9 l\u1ef1a ch\u1ecdn ph\u00f2ng [&hellip;]<\/p>\n","protected":false},"featured_media":215,"comment_status":"open","ping_status":"closed","template":"","meta":[],"product_cat":[45],"product_tag":[],"class_list":{"0":"post-214","1":"product","2":"type-product","3":"status-publish","4":"has-post-thumbnail","6":"product_cat-rooms","8":"first","9":"instock","10":"sale","11":"shipping-taxable","12":"purchasable","13":"product-type-simple"},"yoast_head":"<!-- This site is optimized with the Yoast SEO plugin v22.3 - https:\/\/yoast.com\/wordpress\/plugins\/seo\/ -->\n<title>CHILL 45 - PH\u00d2NG \u0110\u00d4I (VIEW X\u00d3M) - CHILL HOUSE BY THE BEACH<\/title>\n<meta name=\"robots\" content=\"index, follow, max-snippet:-1, max-image-preview:large, max-video-preview:-1\" \/>\n<link rel=\"canonical\" href=\"https:\/\/chillhousephuquoc.com\/?product=chill-45-phong-doi-view-xom\" \/>\n<meta property=\"og:locale\" content=\"vi_VN\" \/>\n<meta property=\"og:type\" content=\"article\" \/>\n<meta property=\"og:title\" content=\"CHILL 45 - PH\u00d2NG \u0110\u00d4I (VIEW X\u00d3M) - CHILL HOUSE BY THE BEACH\" \/>\n<meta property=\"og:description\" content=\"T\u1ed4NG QUAN: Ph\u00f2ng \u0111\u00f4i view x\u00f3m Chill 45 n\u1eb1m tr\u00ean t\u1ea7ng 2 c\u1ee7a nh\u00e0 bi\u1ec3n CHILL HOUSE 4. D\u00f9 kh\u00f4ng c\u00f3 view bi\u1ec3n t\u1eeb trong ph\u00f2ng, Chill 45 v\u1eabn l\u00e0 s\u1ef1 l\u1ef1a ch\u1ecdn ho\u00e0n h\u1ea3o cho chuy\u1ebfn du l\u1ecbch tr\u1ea3i nghi\u1ec7m v\u00e0 ti\u1ebft ki\u1ec7m. V\u00ec Chill House s\u00e1t bi\u1ec3n n\u00ean cho d\u00f9 l\u1ef1a ch\u1ecdn ph\u00f2ng [&hellip;]\" \/>\n<meta property=\"og:url\" content=\"https:\/\/chillhousephuquoc.com\/?product=chill-45-phong-doi-view-xom\" \/>\n<meta property=\"og:site_name\" content=\"CHILL HOUSE BY THE BEACH\" \/>\n<meta property=\"article:publisher\" content=\"https:\/\/www.facebook.com\/chillhousebythebeachh\" \/>\n<meta property=\"article:modified_time\" content=\"2026-01-09T01:41:53+00:00\" \/>\n<meta property=\"og:image\" content=\"https:\/\/chillhousephuquoc.com\/wp-content\/uploads\/2022\/06\/1-14.jpg\" \/>\n\t<meta property=\"og:image:width\" content=\"867\" \/>\n\t<meta property=\"og:image:height\" content=\"650\" \/>\n\t<meta property=\"og:image:type\" content=\"image\/jpeg\" \/>\n<meta name=\"twitter:card\" content=\"summary_large_image\" \/>\n<meta name=\"twitter:label1\" content=\"\u01af\u1edbc t\u00ednh th\u1eddi gian \u0111\u1ecdc\" \/>\n\t<meta name=\"twitter:data1\" content=\"2 ph\u00fat\" \/>\n<script type=\"application\/ld+json\" class=\"yoast-schema-graph\">{\"@context\":\"https:\/\/schema.org\",\"@graph\":[{\"@type\":\"WebPage\",\"@id\":\"https:\/\/chillhousephuquoc.com\/?product=chill-45-phong-doi-view-xom\",\"url\":\"https:\/\/chillhousephuquoc.com\/?product=chill-45-phong-doi-view-xom\",\"name\":\"CHILL 45 - PH\u00d2NG \u0110\u00d4I (VIEW X\u00d3M) - CHILL HOUSE BY THE BEACH\",\"isPartOf\":{\"@id\":\"https:\/\/chillhousephuquoc.com\/#website\"},\"primaryImageOfPage\":{\"@id\":\"https:\/\/chillhousephuquoc.com\/?product=chill-45-phong-doi-view-xom#primaryimage\"},\"image\":{\"@id\":\"https:\/\/chillhousephuquoc.com\/?product=chill-45-phong-doi-view-xom#primaryimage\"},\"thumbnailUrl\":\"https:\/\/chillhousephuquoc.com\/wp-content\/uploads\/2022\/06\/1-14.jpg\",\"datePublished\":\"2022-06-01T19:43:28+00:00\",\"dateModified\":\"2026-01-09T01:41:53+00:00\",\"breadcrumb\":{\"@id\":\"https:\/\/chillhousephuquoc.com\/?product=chill-45-phong-doi-view-xom#breadcrumb\"},\"inLanguage\":\"vi\",\"potentialAction\":[{\"@type\":\"ReadAction\",\"target\":[\"https:\/\/chillhousephuquoc.com\/?product=chill-45-phong-doi-view-xom\"]}]},{\"@type\":\"ImageObject\",\"inLanguage\":\"vi\",\"@id\":\"https:\/\/chillhousephuquoc.com\/?product=chill-45-phong-doi-view-xom#primaryimage\",\"url\":\"https:\/\/chillhousephuquoc.com\/wp-content\/uploads\/2022\/06\/1-14.jpg\",\"contentUrl\":\"https:\/\/chillhousephuquoc.com\/wp-content\/uploads\/2022\/06\/1-14.jpg\",\"width\":867,\"height\":650},{\"@type\":\"BreadcrumbList\",\"@id\":\"https:\/\/chillhousephuquoc.com\/?product=chill-45-phong-doi-view-xom#breadcrumb\",\"itemListElement\":[{\"@type\":\"ListItem\",\"position\":1,\"name\":\"Trang ch\u1ee7\",\"item\":\"https:\/\/chillhousephuquoc.com\/\"},{\"@type\":\"ListItem\",\"position\":2,\"name\":\"CHILL 45 &#8211; PH\u00d2NG \u0110\u00d4I (VIEW X\u00d3M)\"}]},{\"@type\":\"WebSite\",\"@id\":\"https:\/\/chillhousephuquoc.com\/#website\",\"url\":\"https:\/\/chillhousephuquoc.com\/\",\"name\":\"CHILL HOUSE BY THE BEACH\",\"description\":\"\",\"publisher\":{\"@id\":\"https:\/\/chillhousephuquoc.com\/#organization\"},\"potentialAction\":[{\"@type\":\"SearchAction\",\"target\":{\"@type\":\"EntryPoint\",\"urlTemplate\":\"https:\/\/chillhousephuquoc.com\/?s={search_term_string}\"},\"query-input\":\"required name=search_term_string\"}],\"inLanguage\":\"vi\"},{\"@type\":\"Organization\",\"@id\":\"https:\/\/chillhousephuquoc.com\/#organization\",\"name\":\"CHILL HOUSE BY THE BEACH\",\"url\":\"https:\/\/chillhousephuquoc.com\/\",\"logo\":{\"@type\":\"ImageObject\",\"inLanguage\":\"vi\",\"@id\":\"https:\/\/chillhousephuquoc.com\/#\/schema\/logo\/image\/\",\"url\":\"https:\/\/chillhousephuquoc.com\/wp-content\/uploads\/2024\/04\/logo-nen-nhat.jpg\",\"contentUrl\":\"https:\/\/chillhousephuquoc.com\/wp-content\/uploads\/2024\/04\/logo-nen-nhat.jpg\",\"width\":2000,\"height\":2000,\"caption\":\"CHILL HOUSE BY THE BEACH\"},\"image\":{\"@id\":\"https:\/\/chillhousephuquoc.com\/#\/schema\/logo\/image\/\"},\"sameAs\":[\"https:\/\/www.facebook.com\/chillhousebythebeachh\"]}]}<\/script>\n<!-- \/ Yoast SEO plugin. -->","yoast_head_json":{"title":"CHILL 45 - PH\u00d2NG \u0110\u00d4I (VIEW X\u00d3M) - CHILL HOUSE BY THE BEACH","robots":{"index":"index","follow":"follow","max-snippet":"max-snippet:-1","max-image-preview":"max-image-preview:large","max-video-preview":"max-video-preview:-1"},"canonical":"https:\/\/chillhousephuquoc.com\/?product=chill-45-phong-doi-view-xom","og_locale":"vi_VN","og_type":"article","og_title":"CHILL 45 - PH\u00d2NG \u0110\u00d4I (VIEW X\u00d3M) - CHILL HOUSE BY THE BEACH","og_description":"T\u1ed4NG QUAN: Ph\u00f2ng \u0111\u00f4i view x\u00f3m Chill 45 n\u1eb1m tr\u00ean t\u1ea7ng 2 c\u1ee7a nh\u00e0 bi\u1ec3n CHILL HOUSE 4. D\u00f9 kh\u00f4ng c\u00f3 view bi\u1ec3n t\u1eeb trong ph\u00f2ng, Chill 45 v\u1eabn l\u00e0 s\u1ef1 l\u1ef1a ch\u1ecdn ho\u00e0n h\u1ea3o cho chuy\u1ebfn du l\u1ecbch tr\u1ea3i nghi\u1ec7m v\u00e0 ti\u1ebft ki\u1ec7m. V\u00ec Chill House s\u00e1t bi\u1ec3n n\u00ean cho d\u00f9 l\u1ef1a ch\u1ecdn ph\u00f2ng [&hellip;]","og_url":"https:\/\/chillhousephuquoc.com\/?product=chill-45-phong-doi-view-xom","og_site_name":"CHILL HOUSE BY THE BEACH","article_publisher":"https:\/\/www.facebook.com\/chillhousebythebeachh","article_modified_time":"2026-01-09T01:41:53+00:00","og_image":[{"width":867,"height":650,"url":"https:\/\/chillhousephuquoc.com\/wp-content\/uploads\/2022\/06\/1-14.jpg","type":"image\/jpeg"}],"twitter_card":"summary_large_image","twitter_misc":{"\u01af\u1edbc t\u00ednh th\u1eddi gian \u0111\u1ecdc":"2 ph\u00fat"},"schema":{"@context":"https:\/\/schema.org","@graph":[{"@type":"WebPage","@id":"https:\/\/chillhousephuquoc.com\/?product=chill-45-phong-doi-view-xom","url":"https:\/\/chillhousephuquoc.com\/?product=chill-45-phong-doi-view-xom","name":"CHILL 45 - PH\u00d2NG \u0110\u00d4I (VIEW X\u00d3M) - CHILL HOUSE BY THE BEACH","isPartOf":{"@id":"https:\/\/chillhousephuquoc.com\/#website"},"primaryImageOfPage":{"@id":"https:\/\/chillhousephuquoc.com\/?product=chill-45-phong-doi-view-xom#primaryimage"},"image":{"@id":"https:\/\/chillhousephuquoc.com\/?product=chill-45-phong-doi-view-xom#primaryimage"},"thumbnailUrl":"https:\/\/chillhousephuquoc.com\/wp-content\/uploads\/2022\/06\/1-14.jpg","datePublished":"2022-06-01T19:43:28+00:00","dateModified":"2026-01-09T01:41:53+00:00","breadcrumb":{"@id":"https:\/\/chillhousephuquoc.com\/?product=chill-45-phong-doi-view-xom#breadcrumb"},"inLanguage":"vi","potentialAction":[{"@type":"ReadAction","target":["https:\/\/chillhousephuquoc.com\/?product=chill-45-phong-doi-view-xom"]}]},{"@type":"ImageObject","inLanguage":"vi","@id":"https:\/\/chillhousephuquoc.com\/?product=chill-45-phong-doi-view-xom#primaryimage","url":"https:\/\/chillhousephuquoc.com\/wp-content\/uploads\/2022\/06\/1-14.jpg","contentUrl":"https:\/\/chillhousephuquoc.com\/wp-content\/uploads\/2022\/06\/1-14.jpg","width":867,"height":650},{"@type":"BreadcrumbList","@id":"https:\/\/chillhousephuquoc.com\/?product=chill-45-phong-doi-view-xom#breadcrumb","itemListElement":[{"@type":"ListItem","position":1,"name":"Trang ch\u1ee7","item":"https:\/\/chillhousephuquoc.com\/"},{"@type":"ListItem","position":2,"name":"CHILL 45 &#8211; PH\u00d2NG \u0110\u00d4I (VIEW X\u00d3M)"}]},{"@type":"WebSite","@id":"https:\/\/chillhousephuquoc.com\/#website","url":"https:\/\/chillhousephuquoc.com\/","name":"CHILL HOUSE BY THE BEACH","description":"","publisher":{"@id":"https:\/\/chillhousephuquoc.com\/#organization"},"potentialAction":[{"@type":"SearchAction","target":{"@type":"EntryPoint","urlTemplate":"https:\/\/chillhousephuquoc.com\/?s={search_term_string}"},"query-input":"required name=search_term_string"}],"inLanguage":"vi"},{"@type":"Organization","@id":"https:\/\/chillhousephuquoc.com\/#organization","name":"CHILL HOUSE BY THE BEACH","url":"https:\/\/chillhousephuquoc.com\/","logo":{"@type":"ImageObject","inLanguage":"vi","@id":"https:\/\/chillhousephuquoc.com\/#\/schema\/logo\/image\/","url":"https:\/\/chillhousephuquoc.com\/wp-content\/uploads\/2024\/04\/logo-nen-nhat.jpg","contentUrl":"https:\/\/chillhousephuquoc.com\/wp-content\/uploads\/2024\/04\/logo-nen-nhat.jpg","width":2000,"height":2000,"caption":"CHILL HOUSE BY THE BEACH"},"image":{"@id":"https:\/\/chillhousephuquoc.com\/#\/schema\/logo\/image\/"},"sameAs":["https:\/\/www.facebook.com\/chillhousebythebeachh"]}]}},"_links":{"self":[{"href":"https:\/\/chillhousephuquoc.com\/index.php?rest_route=\/wp\/v2\/product\/214","targetHints":{"allow":["GET"]}}],"collection":[{"href":"https:\/\/chillhousephuquoc.com\/index.php?rest_route=\/wp\/v2\/product"}],"about":[{"href":"https:\/\/chillhousephuquoc.com\/index.php?rest_route=\/wp\/v2\/types\/product"}],"replies":[{"embeddable":true,"href":"https:\/\/chillhousephuquoc.com\/index.php?rest_route=%2Fwp%2Fv2%2Fcomments&post=214"}],"wp:featuredmedia":[{"embeddable":true,"href":"https:\/\/chillhousephuquoc.com\/index.php?rest_route=\/wp\/v2\/media\/215"}],"wp:attachment":[{"href":"https:\/\/chillhousephuquoc.com\/index.php?rest_route=%2Fwp%2Fv2%2Fmedia&parent=214"}],"wp:term":[{"taxonomy":"product_cat","embeddable":true,"href":"https:\/\/chillhousephuquoc.com\/index.php?rest_route=%2Fwp%2Fv2%2Fproduct_cat&post=214"},{"taxonomy":"product_tag","embeddable":true,"href":"https:\/\/chillhousephuquoc.com\/index.php?rest_route=%2Fwp%2Fv2%2Fproduct_tag&post=214"}],"curies":[{"name":"wp","href":"https:\/\/api.w.org\/{rel}","templated":true}]}}